{"id":920,"date":"2023-10-20T23:50:00","date_gmt":"2023-10-20T21:50:00","guid":{"rendered":"https:\/\/grupodicel.com\/?post_type=product&#038;p=920"},"modified":"2025-11-04T22:10:33","modified_gmt":"2025-11-04T21:10:33","slug":"motorola-g14-4gb128gb","status":"publish","type":"product","link":"https:\/\/grupodicel.com\/index.php\/producto\/motorola-g14-4gb128gb\/","title":{"rendered":"HONOR X5C 128GB CLARO"},"content":{"rendered":"<ul class=\"KsbFXc U6u95\" data-complete=\"true\" data-processed=\"true\">\n<li data-hveid=\"CAQQAA\" data-complete=\"true\" data-sae=\"\"><span class=\"T286Pc\" data-sfc-cp=\"\" data-complete=\"true\"><strong class=\"Yjhzub\" data-complete=\"true\">Pantalla<\/strong>: LCD de 6,74 pulgadas con resoluci\u00f3n HD+ (1600 x 720 p\u00edxeles) y una frecuencia de actualizaci\u00f3n de 90 Hz.<\/span><\/li>\n<li data-hveid=\"CAQQAQ\" data-complete=\"true\" data-sae=\"\"><span class=\"T286Pc\" data-sfc-cp=\"\" data-complete=\"true\"><strong class=\"Yjhzub\" data-complete=\"true\">Procesador<\/strong>: MediaTek Helio G81 de ocho n\u00facleos, que ofrece un rendimiento fluido para tareas cotidianas.<\/span><\/li>\n<li data-hveid=\"CAQQAg\" data-complete=\"true\" data-sae=\"\"><span class=\"T286Pc\" data-sfc-cp=\"\" data-complete=\"true\"><strong class=\"Yjhzub\" data-complete=\"true\">Memoria<\/strong>: Viene con\u00a0<strong class=\"Yjhzub\" data-complete=\"true\">128 GB de almacenamiento interno<\/strong>\u00a0y 4 GB de RAM, con la posibilidad de expandir la RAM virtualmente hasta 8 GB con la tecnolog\u00eda HONOR RAM Turbo.<\/span><\/li>\n<li data-hveid=\"CAQQAw\" data-complete=\"true\" data-sae=\"\"><span class=\"T286Pc\" data-sfc-cp=\"\" data-complete=\"true\"><strong class=\"Yjhzub\" data-complete=\"true\">C\u00e1maras<\/strong>:<\/span>\n<ul class=\"KsbFXc U6u95\" data-complete=\"true\">\n<li data-hveid=\"CAQQBA\" data-complete=\"true\" data-sae=\"\"><span class=\"T286Pc\" data-sfc-cp=\"\" data-complete=\"true\"><strong class=\"Yjhzub\" data-complete=\"true\">Principal<\/strong>: C\u00e1mara trasera de 50 MP (seg\u00fan TikTok) o 13 MP (seg\u00fan Siman) con inteligencia artificial.<\/span><\/li>\n<li data-hveid=\"CAQQBQ\" data-complete=\"true\" data-sae=\"\"><span class=\"T286Pc\" data-sfc-cp=\"\" data-complete=\"true\"><strong class=\"Yjhzub\" data-complete=\"true\">Frontal<\/strong>: 5 MP para selfies.<\/span><\/li>\n<\/ul>\n<\/li>\n<li data-hveid=\"CAQQBg\" data-complete=\"true\" data-sae=\"\"><span class=\"T286Pc\" data-sfc-cp=\"\" data-complete=\"true\"><strong class=\"Yjhzub\" data-complete=\"true\">Bater\u00eda<\/strong>: Una capacidad de 5.260 mAh con carga r\u00e1pida de 15 W.<\/span><\/li>\n<li data-hveid=\"CAQQBw\" data-complete=\"true\" data-sae=\"\"><span class=\"T286Pc\" data-sfc-cp=\"\" data-complete=\"true\"><strong class=\"Yjhzub\" data-complete=\"true\">Sistema operativo<\/strong>: MagicOS 9.0 basado en Android 15<\/span><\/li>\n<\/ul>\n","protected":false},"excerpt":{"rendered":"<p>Pantalla: LCD de 6,74 pulgadas con resoluci\u00f3n HD+ (1600 x 720 p\u00edxeles) y una frecuencia de actualizaci\u00f3n de 90 Hz. Procesador: MediaTek Helio G81 de ocho n\u00facleos, que ofrece un rendimiento fluido<a class=\"moretag\" href=\"https:\/\/grupodicel.com\/index.php\/producto\/motorola-g14-4gb128gb\/\">Read More&#8230;<\/a><\/p>\n","protected":false},"featured_media":3647,"comment_status":"open","ping_status":"closed","template":"","meta":[],"product_brand":[],"product_cat":[265,20,17],"product_tag":[57],"class_list":{"0":"post-920","1":"product","2":"type-product","3":"status-publish","4":"has-post-thumbnail","6":"product_cat-claro","7":"product_cat-honor","8":"product_cat-telefonos","9":"product_tag-liberados","11":"first","12":"instock","13":"taxable","14":"shipping-taxable","15":"purchasable","16":"product-type-simple"},"yoast_head":"<!-- This site is optimized with the Yoast SEO plugin v27.5 - https:\/\/yoast.com\/product\/yoast-seo-wordpress\/ -->\n<title>HONOR X5C 128GB CLARO - Grupo Dicel<\/title>\n<meta name=\"robots\" content=\"index, follow, max-snippet:-1, max-image-preview:large, max-video-preview:-1\" \/>\n<link rel=\"canonical\" href=\"https:\/\/grupodicel.com\/index.php\/producto\/motorola-g14-4gb128gb\/\" \/>\n<meta property=\"og:locale\" content=\"en_US\" \/>\n<meta property=\"og:type\" content=\"article\" \/>\n<meta property=\"og:title\" content=\"HONOR X5C 128GB CLARO - Grupo Dicel\" \/>\n<meta property=\"og:description\" content=\"Pantalla: LCD de 6,74 pulgadas con resoluci\u00f3n HD+ (1600 x 720 p\u00edxeles) y una frecuencia de actualizaci\u00f3n de 90 Hz. Procesador: MediaTek Helio G81 de ocho n\u00facleos, que ofrece un rendimiento fluidoRead More...\" \/>\n<meta property=\"og:url\" content=\"https:\/\/grupodicel.com\/index.php\/producto\/motorola-g14-4gb128gb\/\" \/>\n<meta property=\"og:site_name\" content=\"Grupo Dicel\" \/>\n<meta property=\"article:modified_time\" content=\"2025-11-04T21:10:33+00:00\" \/>\n<meta property=\"og:image\" content=\"https:\/\/grupodicel.com\/wp-content\/uploads\/2023\/10\/Captura-de-pantalla-2025-11-04-150623.png\" \/>\n\t<meta property=\"og:image:width\" content=\"467\" \/>\n\t<meta property=\"og:image:height\" content=\"468\" \/>\n\t<meta property=\"og:image:type\" content=\"image\/png\" \/>\n<meta name=\"twitter:card\" content=\"summary_large_image\" \/>\n<meta name=\"twitter:label1\" content=\"Est. reading time\" \/>\n\t<meta name=\"twitter:data1\" content=\"1 minute\" \/>\n<script type=\"application\/ld+json\" class=\"yoast-schema-graph\">{\"@context\":\"https:\\\/\\\/schema.org\",\"@graph\":[{\"@type\":\"WebPage\",\"@id\":\"https:\\\/\\\/grupodicel.com\\\/index.php\\\/producto\\\/motorola-g14-4gb128gb\\\/\",\"url\":\"https:\\\/\\\/grupodicel.com\\\/index.php\\\/producto\\\/motorola-g14-4gb128gb\\\/\",\"name\":\"HONOR X5C 128GB CLARO - Grupo Dicel\",\"isPartOf\":{\"@id\":\"https:\\\/\\\/grupodicel.com\\\/#website\"},\"primaryImageOfPage\":{\"@id\":\"https:\\\/\\\/grupodicel.com\\\/index.php\\\/producto\\\/motorola-g14-4gb128gb\\\/#primaryimage\"},\"image\":{\"@id\":\"https:\\\/\\\/grupodicel.com\\\/index.php\\\/producto\\\/motorola-g14-4gb128gb\\\/#primaryimage\"},\"thumbnailUrl\":\"https:\\\/\\\/grupodicel.com\\\/wp-content\\\/uploads\\\/2023\\\/10\\\/Captura-de-pantalla-2025-11-04-150623.png\",\"datePublished\":\"2023-10-20T21:50:00+00:00\",\"dateModified\":\"2025-11-04T21:10:33+00:00\",\"breadcrumb\":{\"@id\":\"https:\\\/\\\/grupodicel.com\\\/index.php\\\/producto\\\/motorola-g14-4gb128gb\\\/#breadcrumb\"},\"inLanguage\":\"en-US\",\"potentialAction\":[{\"@type\":\"ReadAction\",\"target\":[\"https:\\\/\\\/grupodicel.com\\\/index.php\\\/producto\\\/motorola-g14-4gb128gb\\\/\"]}]},{\"@type\":\"ImageObject\",\"inLanguage\":\"en-US\",\"@id\":\"https:\\\/\\\/grupodicel.com\\\/index.php\\\/producto\\\/motorola-g14-4gb128gb\\\/#primaryimage\",\"url\":\"https:\\\/\\\/grupodicel.com\\\/wp-content\\\/uploads\\\/2023\\\/10\\\/Captura-de-pantalla-2025-11-04-150623.png\",\"contentUrl\":\"https:\\\/\\\/grupodicel.com\\\/wp-content\\\/uploads\\\/2023\\\/10\\\/Captura-de-pantalla-2025-11-04-150623.png\",\"width\":467,\"height\":468},{\"@type\":\"BreadcrumbList\",\"@id\":\"https:\\\/\\\/grupodicel.com\\\/index.php\\\/producto\\\/motorola-g14-4gb128gb\\\/#breadcrumb\",\"itemListElement\":[{\"@type\":\"ListItem\",\"position\":1,\"name\":\"Portada\",\"item\":\"https:\\\/\\\/grupodicel.com\\\/\"},{\"@type\":\"ListItem\",\"position\":2,\"name\":\"Tienda Dicel\",\"item\":\"https:\\\/\\\/grupodicel.com\\\/index.php\\\/tienda\\\/\"},{\"@type\":\"ListItem\",\"position\":3,\"name\":\"HONOR X5C 128GB CLARO\"}]},{\"@type\":\"WebSite\",\"@id\":\"https:\\\/\\\/grupodicel.com\\\/#website\",\"url\":\"https:\\\/\\\/grupodicel.com\\\/\",\"name\":\"Grupo Dicel\",\"description\":\"\",\"potentialAction\":[{\"@type\":\"SearchAction\",\"target\":{\"@type\":\"EntryPoint\",\"urlTemplate\":\"https:\\\/\\\/grupodicel.com\\\/?s={search_term_string}\"},\"query-input\":{\"@type\":\"PropertyValueSpecification\",\"valueRequired\":true,\"valueName\":\"search_term_string\"}}],\"inLanguage\":\"en-US\"}]}<\/script>\n<!-- \/ Yoast SEO plugin. -->","yoast_head_json":{"title":"HONOR X5C 128GB CLARO - Grupo Dicel","robots":{"index":"index","follow":"follow","max-snippet":"max-snippet:-1","max-image-preview":"max-image-preview:large","max-video-preview":"max-video-preview:-1"},"canonical":"https:\/\/grupodicel.com\/index.php\/producto\/motorola-g14-4gb128gb\/","og_locale":"en_US","og_type":"article","og_title":"HONOR X5C 128GB CLARO - Grupo Dicel","og_description":"Pantalla: LCD de 6,74 pulgadas con resoluci\u00f3n HD+ (1600 x 720 p\u00edxeles) y una frecuencia de actualizaci\u00f3n de 90 Hz. Procesador: MediaTek Helio G81 de ocho n\u00facleos, que ofrece un rendimiento fluidoRead More...","og_url":"https:\/\/grupodicel.com\/index.php\/producto\/motorola-g14-4gb128gb\/","og_site_name":"Grupo Dicel","article_modified_time":"2025-11-04T21:10:33+00:00","og_image":[{"width":467,"height":468,"url":"https:\/\/grupodicel.com\/wp-content\/uploads\/2023\/10\/Captura-de-pantalla-2025-11-04-150623.png","type":"image\/png"}],"twitter_card":"summary_large_image","twitter_misc":{"Est. reading time":"1 minute"},"schema":{"@context":"https:\/\/schema.org","@graph":[{"@type":"WebPage","@id":"https:\/\/grupodicel.com\/index.php\/producto\/motorola-g14-4gb128gb\/","url":"https:\/\/grupodicel.com\/index.php\/producto\/motorola-g14-4gb128gb\/","name":"HONOR X5C 128GB CLARO - Grupo Dicel","isPartOf":{"@id":"https:\/\/grupodicel.com\/#website"},"primaryImageOfPage":{"@id":"https:\/\/grupodicel.com\/index.php\/producto\/motorola-g14-4gb128gb\/#primaryimage"},"image":{"@id":"https:\/\/grupodicel.com\/index.php\/producto\/motorola-g14-4gb128gb\/#primaryimage"},"thumbnailUrl":"https:\/\/grupodicel.com\/wp-content\/uploads\/2023\/10\/Captura-de-pantalla-2025-11-04-150623.png","datePublished":"2023-10-20T21:50:00+00:00","dateModified":"2025-11-04T21:10:33+00:00","breadcrumb":{"@id":"https:\/\/grupodicel.com\/index.php\/producto\/motorola-g14-4gb128gb\/#breadcrumb"},"inLanguage":"en-US","potentialAction":[{"@type":"ReadAction","target":["https:\/\/grupodicel.com\/index.php\/producto\/motorola-g14-4gb128gb\/"]}]},{"@type":"ImageObject","inLanguage":"en-US","@id":"https:\/\/grupodicel.com\/index.php\/producto\/motorola-g14-4gb128gb\/#primaryimage","url":"https:\/\/grupodicel.com\/wp-content\/uploads\/2023\/10\/Captura-de-pantalla-2025-11-04-150623.png","contentUrl":"https:\/\/grupodicel.com\/wp-content\/uploads\/2023\/10\/Captura-de-pantalla-2025-11-04-150623.png","width":467,"height":468},{"@type":"BreadcrumbList","@id":"https:\/\/grupodicel.com\/index.php\/producto\/motorola-g14-4gb128gb\/#breadcrumb","itemListElement":[{"@type":"ListItem","position":1,"name":"Portada","item":"https:\/\/grupodicel.com\/"},{"@type":"ListItem","position":2,"name":"Tienda Dicel","item":"https:\/\/grupodicel.com\/index.php\/tienda\/"},{"@type":"ListItem","position":3,"name":"HONOR X5C 128GB CLARO"}]},{"@type":"WebSite","@id":"https:\/\/grupodicel.com\/#website","url":"https:\/\/grupodicel.com\/","name":"Grupo Dicel","description":"","potentialAction":[{"@type":"SearchAction","target":{"@type":"EntryPoint","urlTemplate":"https:\/\/grupodicel.com\/?s={search_term_string}"},"query-input":{"@type":"PropertyValueSpecification","valueRequired":true,"valueName":"search_term_string"}}],"inLanguage":"en-US"}]}},"_links":{"self":[{"href":"https:\/\/grupodicel.com\/index.php\/wp-json\/wp\/v2\/product\/920","targetHints":{"allow":["GET"]}}],"collection":[{"href":"https:\/\/grupodicel.com\/index.php\/wp-json\/wp\/v2\/product"}],"about":[{"href":"https:\/\/grupodicel.com\/index.php\/wp-json\/wp\/v2\/types\/product"}],"replies":[{"embeddable":true,"href":"https:\/\/grupodicel.com\/index.php\/wp-json\/wp\/v2\/comments?post=920"}],"wp:featuredmedia":[{"embeddable":true,"href":"https:\/\/grupodicel.com\/index.php\/wp-json\/wp\/v2\/media\/3647"}],"wp:attachment":[{"href":"https:\/\/grupodicel.com\/index.php\/wp-json\/wp\/v2\/media?parent=920"}],"wp:term":[{"taxonomy":"product_brand","embeddable":true,"href":"https:\/\/grupodicel.com\/index.php\/wp-json\/wp\/v2\/product_brand?post=920"},{"taxonomy":"product_cat","embeddable":true,"href":"https:\/\/grupodicel.com\/index.php\/wp-json\/wp\/v2\/product_cat?post=920"},{"taxonomy":"product_tag","embeddable":true,"href":"https:\/\/grupodicel.com\/index.php\/wp-json\/wp\/v2\/product_tag?post=920"}],"curies":[{"name":"wp","href":"https:\/\/api.w.org\/{rel}","templated":true}]}}