{"id":905,"date":"2023-10-20T21:49:30","date_gmt":"2023-10-20T19:49:30","guid":{"rendered":"https:\/\/grupodicel.com\/?post_type=product&#038;p=905"},"modified":"2025-11-04T22:21:44","modified_gmt":"2025-11-04T21:21:44","slug":"corn-c60-ultra-32gb2gb","status":"publish","type":"product","link":"https:\/\/grupodicel.com\/index.php\/producto\/corn-c60-ultra-32gb2gb\/","title":{"rendered":"SAMSUNG A06 5G 128GB CLARO"},"content":{"rendered":"<ul class=\"KsbFXc U6u95\" data-complete=\"true\" data-processed=\"true\">\n<li data-hveid=\"CAQQAA\" data-complete=\"true\" data-sae=\"\"><span class=\"T286Pc\" data-sfc-cp=\"\" data-complete=\"true\"><strong class=\"Yjhzub\" data-complete=\"true\">Conectividad 5G<\/strong>: Es el primer tel\u00e9fono de la serie A0 de Samsung en incluir soporte 5G.<\/span><\/li>\n<li data-hveid=\"CAQQAQ\" data-complete=\"true\" data-sae=\"\"><span class=\"T286Pc\" data-sfc-cp=\"\" data-complete=\"true\"><strong class=\"Yjhzub\" data-complete=\"true\">Pantalla<\/strong>: LCD de 6,7 pulgadas con resoluci\u00f3n HD+ (720 x 1600 p\u00edxeles) y una tasa de refresco de 90 Hz.<\/span><\/li>\n<li data-hveid=\"CAQQAg\" data-complete=\"true\" data-sae=\"\"><span class=\"T286Pc\" data-sfc-cp=\"\" data-complete=\"true\"><strong class=\"Yjhzub\" data-complete=\"true\">Procesador<\/strong>: MediaTek Dimensity 6300, adecuado para tareas b\u00e1sicas y navegaci\u00f3n en redes sociales.<\/span><\/li>\n<li data-hveid=\"CAQQAw\" data-complete=\"true\" data-sae=\"\"><span class=\"T286Pc\" data-sfc-cp=\"\" data-complete=\"true\"><strong class=\"Yjhzub\" data-complete=\"true\">Memoria y almacenamiento<\/strong>: Viene con 4 GB o 6 GB de RAM y 128 GB de almacenamiento interno, ampliable hasta 1,5 TB con una tarjeta microSD.<\/span><\/li>\n<li data-hveid=\"CAQQBA\" data-complete=\"true\" data-sae=\"\"><span class=\"T286Pc\" data-sfc-cp=\"\" data-complete=\"true\"><strong class=\"Yjhzub\" data-complete=\"true\">C\u00e1maras<\/strong>:<\/span>\n<ul class=\"KsbFXc U6u95\" data-complete=\"true\">\n<li data-hveid=\"CAQQBQ\" data-complete=\"true\" data-sae=\"\"><span class=\"T286Pc\" data-sfc-cp=\"\" data-complete=\"true\">C\u00e1mara principal de 50 MP con autoenfoque.<\/span><\/li>\n<li data-hveid=\"CAQQBg\" data-complete=\"true\" data-sae=\"\"><span class=\"T286Pc\" data-sfc-cp=\"\" data-complete=\"true\">Sensor de profundidad de 2 MP.<\/span><\/li>\n<li data-hveid=\"CAQQBw\" data-complete=\"true\" data-sae=\"\"><span class=\"T286Pc\" data-sfc-cp=\"\" data-complete=\"true\">C\u00e1mara frontal de 8 MP.<\/span><\/li>\n<\/ul>\n<\/li>\n<li data-hveid=\"CAQQCA\" data-complete=\"true\" data-sae=\"\"><span class=\"T286Pc\" data-sfc-cp=\"\" data-complete=\"true\"><strong class=\"Yjhzub\" data-complete=\"true\">Bater\u00eda y carga<\/strong>: 5000 mAh con soporte para carga r\u00e1pida de 25 W. El cargador se vende por separado.<\/span><\/li>\n<li data-hveid=\"CAQQCQ\" data-complete=\"true\" data-sae=\"\"><span class=\"T286Pc\" data-sfc-cp=\"\" data-complete=\"true\"><strong class=\"Yjhzub\" data-complete=\"true\">Software<\/strong>: Incluye Android 15 y la capa de personalizaci\u00f3n One UI 7, con una pol\u00edtica de soporte de 4 actualizaciones mayores de sistema operativo y 4 a\u00f1os de mantenimiento de seguridad.<\/span><\/li>\n<\/ul>\n","protected":false},"excerpt":{"rendered":"<p>Conectividad 5G: Es el primer tel\u00e9fono de la serie A0 de Samsung en incluir soporte 5G. Pantalla: LCD de 6,7 pulgadas con resoluci\u00f3n HD+ (720 x 1600 p\u00edxeles) y una tasa de<a class=\"moretag\" href=\"https:\/\/grupodicel.com\/index.php\/producto\/corn-c60-ultra-32gb2gb\/\">Read More&#8230;<\/a><\/p>\n","protected":false},"featured_media":3649,"comment_status":"open","ping_status":"closed","template":"","meta":[],"product_brand":[],"product_cat":[265,18,17],"product_tag":[57],"class_list":{"0":"post-905","1":"product","2":"type-product","3":"status-publish","4":"has-post-thumbnail","6":"product_cat-claro","7":"product_cat-samsum","8":"product_cat-telefonos","9":"product_tag-liberados","11":"first","12":"instock","13":"taxable","14":"shipping-taxable","15":"purchasable","16":"product-type-simple"},"yoast_head":"<!-- This site is optimized with the Yoast SEO plugin v27.4 - https:\/\/yoast.com\/product\/yoast-seo-wordpress\/ -->\n<title>SAMSUNG A06 5G 128GB CLARO - Grupo Dicel<\/title>\n<meta name=\"robots\" content=\"index, follow, max-snippet:-1, max-image-preview:large, max-video-preview:-1\" \/>\n<link rel=\"canonical\" href=\"https:\/\/grupodicel.com\/index.php\/producto\/corn-c60-ultra-32gb2gb\/\" \/>\n<meta property=\"og:locale\" content=\"en_US\" \/>\n<meta property=\"og:type\" content=\"article\" \/>\n<meta property=\"og:title\" content=\"SAMSUNG A06 5G 128GB CLARO - Grupo Dicel\" \/>\n<meta property=\"og:description\" content=\"Conectividad 5G: Es el primer tel\u00e9fono de la serie A0 de Samsung en incluir soporte 5G. Pantalla: LCD de 6,7 pulgadas con resoluci\u00f3n HD+ (720 x 1600 p\u00edxeles) y una tasa deRead More...\" \/>\n<meta property=\"og:url\" content=\"https:\/\/grupodicel.com\/index.php\/producto\/corn-c60-ultra-32gb2gb\/\" \/>\n<meta property=\"og:site_name\" content=\"Grupo Dicel\" \/>\n<meta property=\"article:modified_time\" content=\"2025-11-04T21:21:44+00:00\" \/>\n<meta property=\"og:image\" content=\"https:\/\/grupodicel.com\/wp-content\/uploads\/2023\/10\/Captura-de-pantalla-2025-11-04-151408.png\" \/>\n\t<meta property=\"og:image:width\" content=\"442\" \/>\n\t<meta property=\"og:image:height\" content=\"441\" \/>\n\t<meta property=\"og:image:type\" content=\"image\/png\" \/>\n<meta name=\"twitter:card\" content=\"summary_large_image\" \/>\n<meta name=\"twitter:label1\" content=\"Est. reading time\" \/>\n\t<meta name=\"twitter:data1\" content=\"1 minute\" \/>\n<script type=\"application\/ld+json\" class=\"yoast-schema-graph\">{\"@context\":\"https:\\\/\\\/schema.org\",\"@graph\":[{\"@type\":\"WebPage\",\"@id\":\"https:\\\/\\\/grupodicel.com\\\/index.php\\\/producto\\\/corn-c60-ultra-32gb2gb\\\/\",\"url\":\"https:\\\/\\\/grupodicel.com\\\/index.php\\\/producto\\\/corn-c60-ultra-32gb2gb\\\/\",\"name\":\"SAMSUNG A06 5G 128GB CLARO - Grupo Dicel\",\"isPartOf\":{\"@id\":\"https:\\\/\\\/grupodicel.com\\\/#website\"},\"primaryImageOfPage\":{\"@id\":\"https:\\\/\\\/grupodicel.com\\\/index.php\\\/producto\\\/corn-c60-ultra-32gb2gb\\\/#primaryimage\"},\"image\":{\"@id\":\"https:\\\/\\\/grupodicel.com\\\/index.php\\\/producto\\\/corn-c60-ultra-32gb2gb\\\/#primaryimage\"},\"thumbnailUrl\":\"https:\\\/\\\/grupodicel.com\\\/wp-content\\\/uploads\\\/2023\\\/10\\\/Captura-de-pantalla-2025-11-04-151408.png\",\"datePublished\":\"2023-10-20T19:49:30+00:00\",\"dateModified\":\"2025-11-04T21:21:44+00:00\",\"breadcrumb\":{\"@id\":\"https:\\\/\\\/grupodicel.com\\\/index.php\\\/producto\\\/corn-c60-ultra-32gb2gb\\\/#breadcrumb\"},\"inLanguage\":\"en-US\",\"potentialAction\":[{\"@type\":\"ReadAction\",\"target\":[\"https:\\\/\\\/grupodicel.com\\\/index.php\\\/producto\\\/corn-c60-ultra-32gb2gb\\\/\"]}]},{\"@type\":\"ImageObject\",\"inLanguage\":\"en-US\",\"@id\":\"https:\\\/\\\/grupodicel.com\\\/index.php\\\/producto\\\/corn-c60-ultra-32gb2gb\\\/#primaryimage\",\"url\":\"https:\\\/\\\/grupodicel.com\\\/wp-content\\\/uploads\\\/2023\\\/10\\\/Captura-de-pantalla-2025-11-04-151408.png\",\"contentUrl\":\"https:\\\/\\\/grupodicel.com\\\/wp-content\\\/uploads\\\/2023\\\/10\\\/Captura-de-pantalla-2025-11-04-151408.png\",\"width\":442,\"height\":441},{\"@type\":\"BreadcrumbList\",\"@id\":\"https:\\\/\\\/grupodicel.com\\\/index.php\\\/producto\\\/corn-c60-ultra-32gb2gb\\\/#breadcrumb\",\"itemListElement\":[{\"@type\":\"ListItem\",\"position\":1,\"name\":\"Portada\",\"item\":\"https:\\\/\\\/grupodicel.com\\\/\"},{\"@type\":\"ListItem\",\"position\":2,\"name\":\"Tienda Dicel\",\"item\":\"https:\\\/\\\/grupodicel.com\\\/index.php\\\/tienda\\\/\"},{\"@type\":\"ListItem\",\"position\":3,\"name\":\"SAMSUNG A06 5G 128GB CLARO\"}]},{\"@type\":\"WebSite\",\"@id\":\"https:\\\/\\\/grupodicel.com\\\/#website\",\"url\":\"https:\\\/\\\/grupodicel.com\\\/\",\"name\":\"Grupo Dicel\",\"description\":\"\",\"potentialAction\":[{\"@type\":\"SearchAction\",\"target\":{\"@type\":\"EntryPoint\",\"urlTemplate\":\"https:\\\/\\\/grupodicel.com\\\/?s={search_term_string}\"},\"query-input\":{\"@type\":\"PropertyValueSpecification\",\"valueRequired\":true,\"valueName\":\"search_term_string\"}}],\"inLanguage\":\"en-US\"}]}<\/script>\n<!-- \/ Yoast SEO plugin. -->","yoast_head_json":{"title":"SAMSUNG A06 5G 128GB CLARO - Grupo Dicel","robots":{"index":"index","follow":"follow","max-snippet":"max-snippet:-1","max-image-preview":"max-image-preview:large","max-video-preview":"max-video-preview:-1"},"canonical":"https:\/\/grupodicel.com\/index.php\/producto\/corn-c60-ultra-32gb2gb\/","og_locale":"en_US","og_type":"article","og_title":"SAMSUNG A06 5G 128GB CLARO - Grupo Dicel","og_description":"Conectividad 5G: Es el primer tel\u00e9fono de la serie A0 de Samsung en incluir soporte 5G. Pantalla: LCD de 6,7 pulgadas con resoluci\u00f3n HD+ (720 x 1600 p\u00edxeles) y una tasa deRead More...","og_url":"https:\/\/grupodicel.com\/index.php\/producto\/corn-c60-ultra-32gb2gb\/","og_site_name":"Grupo Dicel","article_modified_time":"2025-11-04T21:21:44+00:00","og_image":[{"width":442,"height":441,"url":"https:\/\/grupodicel.com\/wp-content\/uploads\/2023\/10\/Captura-de-pantalla-2025-11-04-151408.png","type":"image\/png"}],"twitter_card":"summary_large_image","twitter_misc":{"Est. reading time":"1 minute"},"schema":{"@context":"https:\/\/schema.org","@graph":[{"@type":"WebPage","@id":"https:\/\/grupodicel.com\/index.php\/producto\/corn-c60-ultra-32gb2gb\/","url":"https:\/\/grupodicel.com\/index.php\/producto\/corn-c60-ultra-32gb2gb\/","name":"SAMSUNG A06 5G 128GB CLARO - Grupo Dicel","isPartOf":{"@id":"https:\/\/grupodicel.com\/#website"},"primaryImageOfPage":{"@id":"https:\/\/grupodicel.com\/index.php\/producto\/corn-c60-ultra-32gb2gb\/#primaryimage"},"image":{"@id":"https:\/\/grupodicel.com\/index.php\/producto\/corn-c60-ultra-32gb2gb\/#primaryimage"},"thumbnailUrl":"https:\/\/grupodicel.com\/wp-content\/uploads\/2023\/10\/Captura-de-pantalla-2025-11-04-151408.png","datePublished":"2023-10-20T19:49:30+00:00","dateModified":"2025-11-04T21:21:44+00:00","breadcrumb":{"@id":"https:\/\/grupodicel.com\/index.php\/producto\/corn-c60-ultra-32gb2gb\/#breadcrumb"},"inLanguage":"en-US","potentialAction":[{"@type":"ReadAction","target":["https:\/\/grupodicel.com\/index.php\/producto\/corn-c60-ultra-32gb2gb\/"]}]},{"@type":"ImageObject","inLanguage":"en-US","@id":"https:\/\/grupodicel.com\/index.php\/producto\/corn-c60-ultra-32gb2gb\/#primaryimage","url":"https:\/\/grupodicel.com\/wp-content\/uploads\/2023\/10\/Captura-de-pantalla-2025-11-04-151408.png","contentUrl":"https:\/\/grupodicel.com\/wp-content\/uploads\/2023\/10\/Captura-de-pantalla-2025-11-04-151408.png","width":442,"height":441},{"@type":"BreadcrumbList","@id":"https:\/\/grupodicel.com\/index.php\/producto\/corn-c60-ultra-32gb2gb\/#breadcrumb","itemListElement":[{"@type":"ListItem","position":1,"name":"Portada","item":"https:\/\/grupodicel.com\/"},{"@type":"ListItem","position":2,"name":"Tienda Dicel","item":"https:\/\/grupodicel.com\/index.php\/tienda\/"},{"@type":"ListItem","position":3,"name":"SAMSUNG A06 5G 128GB CLARO"}]},{"@type":"WebSite","@id":"https:\/\/grupodicel.com\/#website","url":"https:\/\/grupodicel.com\/","name":"Grupo Dicel","description":"","potentialAction":[{"@type":"SearchAction","target":{"@type":"EntryPoint","urlTemplate":"https:\/\/grupodicel.com\/?s={search_term_string}"},"query-input":{"@type":"PropertyValueSpecification","valueRequired":true,"valueName":"search_term_string"}}],"inLanguage":"en-US"}]}},"_links":{"self":[{"href":"https:\/\/grupodicel.com\/index.php\/wp-json\/wp\/v2\/product\/905","targetHints":{"allow":["GET"]}}],"collection":[{"href":"https:\/\/grupodicel.com\/index.php\/wp-json\/wp\/v2\/product"}],"about":[{"href":"https:\/\/grupodicel.com\/index.php\/wp-json\/wp\/v2\/types\/product"}],"replies":[{"embeddable":true,"href":"https:\/\/grupodicel.com\/index.php\/wp-json\/wp\/v2\/comments?post=905"}],"wp:featuredmedia":[{"embeddable":true,"href":"https:\/\/grupodicel.com\/index.php\/wp-json\/wp\/v2\/media\/3649"}],"wp:attachment":[{"href":"https:\/\/grupodicel.com\/index.php\/wp-json\/wp\/v2\/media?parent=905"}],"wp:term":[{"taxonomy":"product_brand","embeddable":true,"href":"https:\/\/grupodicel.com\/index.php\/wp-json\/wp\/v2\/product_brand?post=905"},{"taxonomy":"product_cat","embeddable":true,"href":"https:\/\/grupodicel.com\/index.php\/wp-json\/wp\/v2\/product_cat?post=905"},{"taxonomy":"product_tag","embeddable":true,"href":"https:\/\/grupodicel.com\/index.php\/wp-json\/wp\/v2\/product_tag?post=905"}],"curies":[{"name":"wp","href":"https:\/\/api.w.org\/{rel}","templated":true}]}}