{"id":561,"date":"2023-10-13T00:24:59","date_gmt":"2023-10-12T22:24:59","guid":{"rendered":"https:\/\/grupodicel.com\/?post_type=product&#038;p=561"},"modified":"2025-10-13T23:34:23","modified_gmt":"2025-10-13T21:34:23","slug":"honor-x6-tigo","status":"publish","type":"product","link":"https:\/\/grupodicel.com\/index.php\/producto\/honor-x6-tigo\/","title":{"rendered":"SAMSUNG A05 64GB"},"content":{"rendered":"","protected":false},"excerpt":{"rendered":"<p>Sistema Android 13<br \/>\nPantalla6.7\u201d<br \/>\nC\u00e1mara 50MPx+2MPx<br \/>\nC\u00e1mara Frontal 8MPx<br \/>\n64GB ROM + 4GB RAM<br \/>\nProcesador OctaCore2.0GHz<br \/>\nLector de Huella<br \/>\nTecnolog\u00eda 4G<\/p>\n","protected":false},"featured_media":3333,"comment_status":"open","ping_status":"closed","template":"","meta":[],"product_brand":[],"product_cat":[265,18,17],"product_tag":[24],"class_list":{"0":"post-561","1":"product","2":"type-product","3":"status-publish","4":"has-post-thumbnail","6":"product_cat-claro","7":"product_cat-samsum","8":"product_cat-telefonos","9":"product_tag-tigo","11":"first","12":"instock","13":"taxable","14":"shipping-taxable","15":"purchasable","16":"product-type-simple"},"yoast_head":"<!-- This site is optimized with the Yoast SEO plugin v27.3 - https:\/\/yoast.com\/product\/yoast-seo-wordpress\/ -->\n<title>SAMSUNG A05 64GB - Grupo Dicel<\/title>\n<meta name=\"robots\" content=\"index, follow, max-snippet:-1, max-image-preview:large, max-video-preview:-1\" \/>\n<link rel=\"canonical\" href=\"https:\/\/grupodicel.com\/index.php\/producto\/honor-x6-tigo\/\" \/>\n<meta property=\"og:locale\" content=\"en_US\" \/>\n<meta property=\"og:type\" content=\"article\" \/>\n<meta property=\"og:title\" content=\"SAMSUNG A05 64GB - Grupo Dicel\" \/>\n<meta property=\"og:description\" content=\"Sistema Android 13 Pantalla6.7\u201d C\u00e1mara 50MPx+2MPx C\u00e1mara Frontal 8MPx 64GB ROM + 4GB RAM Procesador OctaCore2.0GHz Lector de Huella Tecnolog\u00eda 4G\" \/>\n<meta property=\"og:url\" content=\"https:\/\/grupodicel.com\/index.php\/producto\/honor-x6-tigo\/\" \/>\n<meta property=\"og:site_name\" content=\"Grupo Dicel\" \/>\n<meta property=\"article:modified_time\" content=\"2025-10-13T21:34:23+00:00\" \/>\n<meta property=\"og:image\" content=\"https:\/\/grupodicel.com\/wp-content\/uploads\/2023\/10\/Captura-de-pantalla-2025-10-13-153211.png\" \/>\n\t<meta property=\"og:image:width\" content=\"1395\" \/>\n\t<meta property=\"og:image:height\" content=\"783\" \/>\n\t<meta property=\"og:image:type\" content=\"image\/png\" \/>\n<meta name=\"twitter:card\" content=\"summary_large_image\" \/>\n<script type=\"application\/ld+json\" class=\"yoast-schema-graph\">{\"@context\":\"https:\\\/\\\/schema.org\",\"@graph\":[{\"@type\":\"WebPage\",\"@id\":\"https:\\\/\\\/grupodicel.com\\\/index.php\\\/producto\\\/honor-x6-tigo\\\/\",\"url\":\"https:\\\/\\\/grupodicel.com\\\/index.php\\\/producto\\\/honor-x6-tigo\\\/\",\"name\":\"SAMSUNG A05 64GB - Grupo Dicel\",\"isPartOf\":{\"@id\":\"https:\\\/\\\/grupodicel.com\\\/#website\"},\"primaryImageOfPage\":{\"@id\":\"https:\\\/\\\/grupodicel.com\\\/index.php\\\/producto\\\/honor-x6-tigo\\\/#primaryimage\"},\"image\":{\"@id\":\"https:\\\/\\\/grupodicel.com\\\/index.php\\\/producto\\\/honor-x6-tigo\\\/#primaryimage\"},\"thumbnailUrl\":\"https:\\\/\\\/grupodicel.com\\\/wp-content\\\/uploads\\\/2023\\\/10\\\/Captura-de-pantalla-2025-10-13-153211.png\",\"datePublished\":\"2023-10-12T22:24:59+00:00\",\"dateModified\":\"2025-10-13T21:34:23+00:00\",\"breadcrumb\":{\"@id\":\"https:\\\/\\\/grupodicel.com\\\/index.php\\\/producto\\\/honor-x6-tigo\\\/#breadcrumb\"},\"inLanguage\":\"en-US\",\"potentialAction\":[{\"@type\":\"ReadAction\",\"target\":[\"https:\\\/\\\/grupodicel.com\\\/index.php\\\/producto\\\/honor-x6-tigo\\\/\"]}]},{\"@type\":\"ImageObject\",\"inLanguage\":\"en-US\",\"@id\":\"https:\\\/\\\/grupodicel.com\\\/index.php\\\/producto\\\/honor-x6-tigo\\\/#primaryimage\",\"url\":\"https:\\\/\\\/grupodicel.com\\\/wp-content\\\/uploads\\\/2023\\\/10\\\/Captura-de-pantalla-2025-10-13-153211.png\",\"contentUrl\":\"https:\\\/\\\/grupodicel.com\\\/wp-content\\\/uploads\\\/2023\\\/10\\\/Captura-de-pantalla-2025-10-13-153211.png\",\"width\":1395,\"height\":783},{\"@type\":\"BreadcrumbList\",\"@id\":\"https:\\\/\\\/grupodicel.com\\\/index.php\\\/producto\\\/honor-x6-tigo\\\/#breadcrumb\",\"itemListElement\":[{\"@type\":\"ListItem\",\"position\":1,\"name\":\"Portada\",\"item\":\"https:\\\/\\\/grupodicel.com\\\/\"},{\"@type\":\"ListItem\",\"position\":2,\"name\":\"Tienda Dicel\",\"item\":\"https:\\\/\\\/grupodicel.com\\\/index.php\\\/tienda\\\/\"},{\"@type\":\"ListItem\",\"position\":3,\"name\":\"SAMSUNG A05 64GB\"}]},{\"@type\":\"WebSite\",\"@id\":\"https:\\\/\\\/grupodicel.com\\\/#website\",\"url\":\"https:\\\/\\\/grupodicel.com\\\/\",\"name\":\"Grupo Dicel\",\"description\":\"\",\"potentialAction\":[{\"@type\":\"SearchAction\",\"target\":{\"@type\":\"EntryPoint\",\"urlTemplate\":\"https:\\\/\\\/grupodicel.com\\\/?s={search_term_string}\"},\"query-input\":{\"@type\":\"PropertyValueSpecification\",\"valueRequired\":true,\"valueName\":\"search_term_string\"}}],\"inLanguage\":\"en-US\"}]}<\/script>\n<!-- \/ Yoast SEO plugin. -->","yoast_head_json":{"title":"SAMSUNG A05 64GB - Grupo Dicel","robots":{"index":"index","follow":"follow","max-snippet":"max-snippet:-1","max-image-preview":"max-image-preview:large","max-video-preview":"max-video-preview:-1"},"canonical":"https:\/\/grupodicel.com\/index.php\/producto\/honor-x6-tigo\/","og_locale":"en_US","og_type":"article","og_title":"SAMSUNG A05 64GB - Grupo Dicel","og_description":"Sistema Android 13 Pantalla6.7\u201d C\u00e1mara 50MPx+2MPx C\u00e1mara Frontal 8MPx 64GB ROM + 4GB RAM Procesador OctaCore2.0GHz Lector de Huella Tecnolog\u00eda 4G","og_url":"https:\/\/grupodicel.com\/index.php\/producto\/honor-x6-tigo\/","og_site_name":"Grupo Dicel","article_modified_time":"2025-10-13T21:34:23+00:00","og_image":[{"width":1395,"height":783,"url":"https:\/\/grupodicel.com\/wp-content\/uploads\/2023\/10\/Captura-de-pantalla-2025-10-13-153211.png","type":"image\/png"}],"twitter_card":"summary_large_image","schema":{"@context":"https:\/\/schema.org","@graph":[{"@type":"WebPage","@id":"https:\/\/grupodicel.com\/index.php\/producto\/honor-x6-tigo\/","url":"https:\/\/grupodicel.com\/index.php\/producto\/honor-x6-tigo\/","name":"SAMSUNG A05 64GB - Grupo Dicel","isPartOf":{"@id":"https:\/\/grupodicel.com\/#website"},"primaryImageOfPage":{"@id":"https:\/\/grupodicel.com\/index.php\/producto\/honor-x6-tigo\/#primaryimage"},"image":{"@id":"https:\/\/grupodicel.com\/index.php\/producto\/honor-x6-tigo\/#primaryimage"},"thumbnailUrl":"https:\/\/grupodicel.com\/wp-content\/uploads\/2023\/10\/Captura-de-pantalla-2025-10-13-153211.png","datePublished":"2023-10-12T22:24:59+00:00","dateModified":"2025-10-13T21:34:23+00:00","breadcrumb":{"@id":"https:\/\/grupodicel.com\/index.php\/producto\/honor-x6-tigo\/#breadcrumb"},"inLanguage":"en-US","potentialAction":[{"@type":"ReadAction","target":["https:\/\/grupodicel.com\/index.php\/producto\/honor-x6-tigo\/"]}]},{"@type":"ImageObject","inLanguage":"en-US","@id":"https:\/\/grupodicel.com\/index.php\/producto\/honor-x6-tigo\/#primaryimage","url":"https:\/\/grupodicel.com\/wp-content\/uploads\/2023\/10\/Captura-de-pantalla-2025-10-13-153211.png","contentUrl":"https:\/\/grupodicel.com\/wp-content\/uploads\/2023\/10\/Captura-de-pantalla-2025-10-13-153211.png","width":1395,"height":783},{"@type":"BreadcrumbList","@id":"https:\/\/grupodicel.com\/index.php\/producto\/honor-x6-tigo\/#breadcrumb","itemListElement":[{"@type":"ListItem","position":1,"name":"Portada","item":"https:\/\/grupodicel.com\/"},{"@type":"ListItem","position":2,"name":"Tienda Dicel","item":"https:\/\/grupodicel.com\/index.php\/tienda\/"},{"@type":"ListItem","position":3,"name":"SAMSUNG A05 64GB"}]},{"@type":"WebSite","@id":"https:\/\/grupodicel.com\/#website","url":"https:\/\/grupodicel.com\/","name":"Grupo Dicel","description":"","potentialAction":[{"@type":"SearchAction","target":{"@type":"EntryPoint","urlTemplate":"https:\/\/grupodicel.com\/?s={search_term_string}"},"query-input":{"@type":"PropertyValueSpecification","valueRequired":true,"valueName":"search_term_string"}}],"inLanguage":"en-US"}]}},"_links":{"self":[{"href":"https:\/\/grupodicel.com\/index.php\/wp-json\/wp\/v2\/product\/561","targetHints":{"allow":["GET"]}}],"collection":[{"href":"https:\/\/grupodicel.com\/index.php\/wp-json\/wp\/v2\/product"}],"about":[{"href":"https:\/\/grupodicel.com\/index.php\/wp-json\/wp\/v2\/types\/product"}],"replies":[{"embeddable":true,"href":"https:\/\/grupodicel.com\/index.php\/wp-json\/wp\/v2\/comments?post=561"}],"wp:featuredmedia":[{"embeddable":true,"href":"https:\/\/grupodicel.com\/index.php\/wp-json\/wp\/v2\/media\/3333"}],"wp:attachment":[{"href":"https:\/\/grupodicel.com\/index.php\/wp-json\/wp\/v2\/media?parent=561"}],"wp:term":[{"taxonomy":"product_brand","embeddable":true,"href":"https:\/\/grupodicel.com\/index.php\/wp-json\/wp\/v2\/product_brand?post=561"},{"taxonomy":"product_cat","embeddable":true,"href":"https:\/\/grupodicel.com\/index.php\/wp-json\/wp\/v2\/product_cat?post=561"},{"taxonomy":"product_tag","embeddable":true,"href":"https:\/\/grupodicel.com\/index.php\/wp-json\/wp\/v2\/product_tag?post=561"}],"curies":[{"name":"wp","href":"https:\/\/api.w.org\/{rel}","templated":true}]}}