{"id":3623,"date":"2025-10-21T16:39:16","date_gmt":"2025-10-21T14:39:16","guid":{"rendered":"https:\/\/grupodicel.com\/?post_type=product&#038;p=3623"},"modified":"2025-10-21T16:40:54","modified_gmt":"2025-10-21T14:40:54","slug":"redmi-10-2022-de-4gb-ram128gb-rom-claro","status":"publish","type":"product","link":"https:\/\/grupodicel.com\/index.php\/producto\/redmi-10-2022-de-4gb-ram128gb-rom-claro\/","title":{"rendered":"REDMI 10 2022 DE 4GB RAM+128GB ROM CLARO"},"content":{"rendered":"","protected":false},"excerpt":{"rendered":"<ul class=\"i8Z77e\">\n<li class=\"TrT0Xe\">Almacenamiento y RAM. 4 + 64 GB, 4 +\u00a0<b>128 GB<\/b>LPDDR4X +eMMC*Las configuraciones disponibles var\u00edan en funci\u00f3n de la regi\u00f3n.<\/li>\n<li class=\"TrT0Xe\">Dimensiones. Altura: 161,95 mmAnchura: 75,53 mmGrosor: 8,92 mmPeso: 181 g.<\/li>\n<li class=\"TrT0Xe\">Pantalla.<\/li>\n<li class=\"TrT0Xe\">Procesador.<\/li>\n<li class=\"TrT0Xe\">Bater\u00eda y carga.<\/li>\n<li class=\"TrT0Xe\">C\u00e1mara.<\/li>\n<li class=\"TrT0Xe\">Seguridad.<\/li>\n<\/ul>\n","protected":false},"featured_media":3624,"comment_status":"open","ping_status":"closed","template":"","meta":[],"product_brand":[],"product_cat":[265,17],"product_tag":[],"class_list":{"0":"post-3623","1":"product","2":"type-product","3":"status-publish","4":"has-post-thumbnail","6":"product_cat-claro","7":"product_cat-telefonos","9":"first","10":"instock","11":"taxable","12":"shipping-taxable","13":"purchasable","14":"product-type-simple"},"yoast_head":"<!-- This site is optimized with the Yoast SEO plugin v27.4 - https:\/\/yoast.com\/product\/yoast-seo-wordpress\/ -->\n<title>REDMI 10 2022 DE 4GB RAM+128GB ROM CLARO - Grupo Dicel<\/title>\n<meta name=\"robots\" content=\"index, follow, max-snippet:-1, max-image-preview:large, max-video-preview:-1\" \/>\n<link rel=\"canonical\" href=\"https:\/\/grupodicel.com\/index.php\/producto\/redmi-10-2022-de-4gb-ram128gb-rom-claro\/\" \/>\n<meta property=\"og:locale\" content=\"en_US\" \/>\n<meta property=\"og:type\" content=\"article\" \/>\n<meta property=\"og:title\" content=\"REDMI 10 2022 DE 4GB RAM+128GB ROM CLARO - Grupo Dicel\" \/>\n<meta property=\"og:description\" content=\"Almacenamiento y RAM. 4 + 64 GB, 4 +\u00a0128 GBLPDDR4X +eMMC*Las configuraciones disponibles var\u00edan en funci\u00f3n de la regi\u00f3n.  Dimensiones. Altura: 161,95 mmAnchura: 75,53 mmGrosor: 8,92 mmPeso: 181 g.  Pantalla.  Procesador.  Bater\u00eda y carga.  C\u00e1mara.  Seguridad.\" \/>\n<meta property=\"og:url\" content=\"https:\/\/grupodicel.com\/index.php\/producto\/redmi-10-2022-de-4gb-ram128gb-rom-claro\/\" \/>\n<meta property=\"og:site_name\" content=\"Grupo Dicel\" \/>\n<meta property=\"article:modified_time\" content=\"2025-10-21T14:40:54+00:00\" \/>\n<meta property=\"og:image\" content=\"https:\/\/grupodicel.com\/wp-content\/uploads\/2025\/10\/Captura-de-pantalla-2025-10-21-083525.png\" \/>\n\t<meta property=\"og:image:width\" content=\"266\" \/>\n\t<meta property=\"og:image:height\" content=\"263\" \/>\n\t<meta property=\"og:image:type\" content=\"image\/png\" \/>\n<meta name=\"twitter:card\" content=\"summary_large_image\" \/>\n<script type=\"application\/ld+json\" class=\"yoast-schema-graph\">{\"@context\":\"https:\\\/\\\/schema.org\",\"@graph\":[{\"@type\":\"WebPage\",\"@id\":\"https:\\\/\\\/grupodicel.com\\\/index.php\\\/producto\\\/redmi-10-2022-de-4gb-ram128gb-rom-claro\\\/\",\"url\":\"https:\\\/\\\/grupodicel.com\\\/index.php\\\/producto\\\/redmi-10-2022-de-4gb-ram128gb-rom-claro\\\/\",\"name\":\"REDMI 10 2022 DE 4GB RAM+128GB ROM CLARO - Grupo Dicel\",\"isPartOf\":{\"@id\":\"https:\\\/\\\/grupodicel.com\\\/#website\"},\"primaryImageOfPage\":{\"@id\":\"https:\\\/\\\/grupodicel.com\\\/index.php\\\/producto\\\/redmi-10-2022-de-4gb-ram128gb-rom-claro\\\/#primaryimage\"},\"image\":{\"@id\":\"https:\\\/\\\/grupodicel.com\\\/index.php\\\/producto\\\/redmi-10-2022-de-4gb-ram128gb-rom-claro\\\/#primaryimage\"},\"thumbnailUrl\":\"https:\\\/\\\/grupodicel.com\\\/wp-content\\\/uploads\\\/2025\\\/10\\\/Captura-de-pantalla-2025-10-21-083525.png\",\"datePublished\":\"2025-10-21T14:39:16+00:00\",\"dateModified\":\"2025-10-21T14:40:54+00:00\",\"breadcrumb\":{\"@id\":\"https:\\\/\\\/grupodicel.com\\\/index.php\\\/producto\\\/redmi-10-2022-de-4gb-ram128gb-rom-claro\\\/#breadcrumb\"},\"inLanguage\":\"en-US\",\"potentialAction\":[{\"@type\":\"ReadAction\",\"target\":[\"https:\\\/\\\/grupodicel.com\\\/index.php\\\/producto\\\/redmi-10-2022-de-4gb-ram128gb-rom-claro\\\/\"]}]},{\"@type\":\"ImageObject\",\"inLanguage\":\"en-US\",\"@id\":\"https:\\\/\\\/grupodicel.com\\\/index.php\\\/producto\\\/redmi-10-2022-de-4gb-ram128gb-rom-claro\\\/#primaryimage\",\"url\":\"https:\\\/\\\/grupodicel.com\\\/wp-content\\\/uploads\\\/2025\\\/10\\\/Captura-de-pantalla-2025-10-21-083525.png\",\"contentUrl\":\"https:\\\/\\\/grupodicel.com\\\/wp-content\\\/uploads\\\/2025\\\/10\\\/Captura-de-pantalla-2025-10-21-083525.png\",\"width\":266,\"height\":263},{\"@type\":\"BreadcrumbList\",\"@id\":\"https:\\\/\\\/grupodicel.com\\\/index.php\\\/producto\\\/redmi-10-2022-de-4gb-ram128gb-rom-claro\\\/#breadcrumb\",\"itemListElement\":[{\"@type\":\"ListItem\",\"position\":1,\"name\":\"Portada\",\"item\":\"https:\\\/\\\/grupodicel.com\\\/\"},{\"@type\":\"ListItem\",\"position\":2,\"name\":\"Tienda Dicel\",\"item\":\"https:\\\/\\\/grupodicel.com\\\/index.php\\\/tienda\\\/\"},{\"@type\":\"ListItem\",\"position\":3,\"name\":\"REDMI 10 2022 DE 4GB RAM+128GB ROM CLARO\"}]},{\"@type\":\"WebSite\",\"@id\":\"https:\\\/\\\/grupodicel.com\\\/#website\",\"url\":\"https:\\\/\\\/grupodicel.com\\\/\",\"name\":\"Grupo Dicel\",\"description\":\"\",\"potentialAction\":[{\"@type\":\"SearchAction\",\"target\":{\"@type\":\"EntryPoint\",\"urlTemplate\":\"https:\\\/\\\/grupodicel.com\\\/?s={search_term_string}\"},\"query-input\":{\"@type\":\"PropertyValueSpecification\",\"valueRequired\":true,\"valueName\":\"search_term_string\"}}],\"inLanguage\":\"en-US\"}]}<\/script>\n<!-- \/ Yoast SEO plugin. -->","yoast_head_json":{"title":"REDMI 10 2022 DE 4GB RAM+128GB ROM CLARO - Grupo Dicel","robots":{"index":"index","follow":"follow","max-snippet":"max-snippet:-1","max-image-preview":"max-image-preview:large","max-video-preview":"max-video-preview:-1"},"canonical":"https:\/\/grupodicel.com\/index.php\/producto\/redmi-10-2022-de-4gb-ram128gb-rom-claro\/","og_locale":"en_US","og_type":"article","og_title":"REDMI 10 2022 DE 4GB RAM+128GB ROM CLARO - Grupo Dicel","og_description":"Almacenamiento y RAM. 4 + 64 GB, 4 +\u00a0128 GBLPDDR4X +eMMC*Las configuraciones disponibles var\u00edan en funci\u00f3n de la regi\u00f3n.  Dimensiones. Altura: 161,95 mmAnchura: 75,53 mmGrosor: 8,92 mmPeso: 181 g.  Pantalla.  Procesador.  Bater\u00eda y carga.  C\u00e1mara.  Seguridad.","og_url":"https:\/\/grupodicel.com\/index.php\/producto\/redmi-10-2022-de-4gb-ram128gb-rom-claro\/","og_site_name":"Grupo Dicel","article_modified_time":"2025-10-21T14:40:54+00:00","og_image":[{"width":266,"height":263,"url":"https:\/\/grupodicel.com\/wp-content\/uploads\/2025\/10\/Captura-de-pantalla-2025-10-21-083525.png","type":"image\/png"}],"twitter_card":"summary_large_image","schema":{"@context":"https:\/\/schema.org","@graph":[{"@type":"WebPage","@id":"https:\/\/grupodicel.com\/index.php\/producto\/redmi-10-2022-de-4gb-ram128gb-rom-claro\/","url":"https:\/\/grupodicel.com\/index.php\/producto\/redmi-10-2022-de-4gb-ram128gb-rom-claro\/","name":"REDMI 10 2022 DE 4GB RAM+128GB ROM CLARO - Grupo Dicel","isPartOf":{"@id":"https:\/\/grupodicel.com\/#website"},"primaryImageOfPage":{"@id":"https:\/\/grupodicel.com\/index.php\/producto\/redmi-10-2022-de-4gb-ram128gb-rom-claro\/#primaryimage"},"image":{"@id":"https:\/\/grupodicel.com\/index.php\/producto\/redmi-10-2022-de-4gb-ram128gb-rom-claro\/#primaryimage"},"thumbnailUrl":"https:\/\/grupodicel.com\/wp-content\/uploads\/2025\/10\/Captura-de-pantalla-2025-10-21-083525.png","datePublished":"2025-10-21T14:39:16+00:00","dateModified":"2025-10-21T14:40:54+00:00","breadcrumb":{"@id":"https:\/\/grupodicel.com\/index.php\/producto\/redmi-10-2022-de-4gb-ram128gb-rom-claro\/#breadcrumb"},"inLanguage":"en-US","potentialAction":[{"@type":"ReadAction","target":["https:\/\/grupodicel.com\/index.php\/producto\/redmi-10-2022-de-4gb-ram128gb-rom-claro\/"]}]},{"@type":"ImageObject","inLanguage":"en-US","@id":"https:\/\/grupodicel.com\/index.php\/producto\/redmi-10-2022-de-4gb-ram128gb-rom-claro\/#primaryimage","url":"https:\/\/grupodicel.com\/wp-content\/uploads\/2025\/10\/Captura-de-pantalla-2025-10-21-083525.png","contentUrl":"https:\/\/grupodicel.com\/wp-content\/uploads\/2025\/10\/Captura-de-pantalla-2025-10-21-083525.png","width":266,"height":263},{"@type":"BreadcrumbList","@id":"https:\/\/grupodicel.com\/index.php\/producto\/redmi-10-2022-de-4gb-ram128gb-rom-claro\/#breadcrumb","itemListElement":[{"@type":"ListItem","position":1,"name":"Portada","item":"https:\/\/grupodicel.com\/"},{"@type":"ListItem","position":2,"name":"Tienda Dicel","item":"https:\/\/grupodicel.com\/index.php\/tienda\/"},{"@type":"ListItem","position":3,"name":"REDMI 10 2022 DE 4GB RAM+128GB ROM CLARO"}]},{"@type":"WebSite","@id":"https:\/\/grupodicel.com\/#website","url":"https:\/\/grupodicel.com\/","name":"Grupo Dicel","description":"","potentialAction":[{"@type":"SearchAction","target":{"@type":"EntryPoint","urlTemplate":"https:\/\/grupodicel.com\/?s={search_term_string}"},"query-input":{"@type":"PropertyValueSpecification","valueRequired":true,"valueName":"search_term_string"}}],"inLanguage":"en-US"}]}},"_links":{"self":[{"href":"https:\/\/grupodicel.com\/index.php\/wp-json\/wp\/v2\/product\/3623","targetHints":{"allow":["GET"]}}],"collection":[{"href":"https:\/\/grupodicel.com\/index.php\/wp-json\/wp\/v2\/product"}],"about":[{"href":"https:\/\/grupodicel.com\/index.php\/wp-json\/wp\/v2\/types\/product"}],"replies":[{"embeddable":true,"href":"https:\/\/grupodicel.com\/index.php\/wp-json\/wp\/v2\/comments?post=3623"}],"wp:featuredmedia":[{"embeddable":true,"href":"https:\/\/grupodicel.com\/index.php\/wp-json\/wp\/v2\/media\/3624"}],"wp:attachment":[{"href":"https:\/\/grupodicel.com\/index.php\/wp-json\/wp\/v2\/media?parent=3623"}],"wp:term":[{"taxonomy":"product_brand","embeddable":true,"href":"https:\/\/grupodicel.com\/index.php\/wp-json\/wp\/v2\/product_brand?post=3623"},{"taxonomy":"product_cat","embeddable":true,"href":"https:\/\/grupodicel.com\/index.php\/wp-json\/wp\/v2\/product_cat?post=3623"},{"taxonomy":"product_tag","embeddable":true,"href":"https:\/\/grupodicel.com\/index.php\/wp-json\/wp\/v2\/product_tag?post=3623"}],"curies":[{"name":"wp","href":"https:\/\/api.w.org\/{rel}","templated":true}]}}