{"id":3492,"date":"2025-10-14T23:27:59","date_gmt":"2025-10-14T21:27:59","guid":{"rendered":"https:\/\/grupodicel.com\/?post_type=product&#038;p=3492"},"modified":"2025-10-14T23:27:59","modified_gmt":"2025-10-14T21:27:59","slug":"honor-x7d-liberado","status":"publish","type":"product","link":"https:\/\/grupodicel.com\/index.php\/producto\/honor-x7d-liberado\/","title":{"rendered":"HONOR X7d LIBERADO"},"content":{"rendered":"","protected":false},"excerpt":{"rendered":"<ul class=\"i8Z77e\">\n<li class=\"TrT0Xe\">Sistema operativo: Android 15.<\/li>\n<li class=\"TrT0Xe\">Tecnolog\u00eda de pantalla: TFT LCD.<\/li>\n<li class=\"TrT0Xe\">Tama\u00f1o de pantalla: 6.77 pulgadas.<\/li>\n<li class=\"TrT0Xe\">Resoluci\u00f3n de pantalla: 1610 x 720 p\u00edxeles.<\/li>\n<li class=\"TrT0Xe\">C\u00e1mara principal: 50MP + 2MP.<\/li>\n<li class=\"TrT0Xe\">C\u00e1mara frontal: 5MP.<\/li>\n<li class=\"TrT0Xe\">Memoria interna: 256GB.<\/li>\n<li class=\"TrT0Xe\">Procesador: Qualcomm Snapdragon 6s Gen 3.<\/li>\n<\/ul>\n","protected":false},"featured_media":3493,"comment_status":"open","ping_status":"closed","template":"","meta":[],"product_brand":[],"product_cat":[56,17,55],"product_tag":[],"class_list":{"0":"post-3492","1":"product","2":"type-product","3":"status-publish","4":"has-post-thumbnail","6":"product_cat-honor-telefonos-liberados","7":"product_cat-telefonos","8":"product_cat-telefonos-liberados","10":"first","11":"instock","12":"taxable","13":"shipping-taxable","14":"purchasable","15":"product-type-simple"},"yoast_head":"<!-- This site is optimized with the Yoast SEO plugin v27.4 - https:\/\/yoast.com\/product\/yoast-seo-wordpress\/ -->\n<title>HONOR X7d LIBERADO - Grupo Dicel<\/title>\n<meta name=\"robots\" content=\"index, follow, max-snippet:-1, max-image-preview:large, max-video-preview:-1\" \/>\n<link rel=\"canonical\" href=\"https:\/\/grupodicel.com\/index.php\/producto\/honor-x7d-liberado\/\" \/>\n<meta property=\"og:locale\" content=\"en_US\" \/>\n<meta property=\"og:type\" content=\"article\" \/>\n<meta property=\"og:title\" content=\"HONOR X7d LIBERADO - Grupo Dicel\" \/>\n<meta property=\"og:description\" content=\"Sistema operativo: Android 15.  Tecnolog\u00eda de pantalla: TFT LCD.  Tama\u00f1o de pantalla: 6.77 pulgadas.  Resoluci\u00f3n de pantalla: 1610 x 720 p\u00edxeles.  C\u00e1mara principal: 50MP + 2MP.  C\u00e1mara frontal: 5MP.  Memoria interna: 256GB.  Procesador: Qualcomm Snapdragon 6s Gen 3.\" \/>\n<meta property=\"og:url\" content=\"https:\/\/grupodicel.com\/index.php\/producto\/honor-x7d-liberado\/\" \/>\n<meta property=\"og:site_name\" content=\"Grupo Dicel\" \/>\n<meta property=\"og:image\" content=\"https:\/\/grupodicel.com\/wp-content\/uploads\/2025\/10\/WhatsApp-Image-2025-10-14-at-3.22.08-PM.jpeg\" \/>\n\t<meta property=\"og:image:width\" content=\"894\" \/>\n\t<meta property=\"og:image:height\" content=\"1600\" \/>\n\t<meta property=\"og:image:type\" content=\"image\/jpeg\" \/>\n<meta name=\"twitter:card\" content=\"summary_large_image\" \/>\n<script type=\"application\/ld+json\" class=\"yoast-schema-graph\">{\"@context\":\"https:\\\/\\\/schema.org\",\"@graph\":[{\"@type\":\"WebPage\",\"@id\":\"https:\\\/\\\/grupodicel.com\\\/index.php\\\/producto\\\/honor-x7d-liberado\\\/\",\"url\":\"https:\\\/\\\/grupodicel.com\\\/index.php\\\/producto\\\/honor-x7d-liberado\\\/\",\"name\":\"HONOR X7d LIBERADO - Grupo Dicel\",\"isPartOf\":{\"@id\":\"https:\\\/\\\/grupodicel.com\\\/#website\"},\"primaryImageOfPage\":{\"@id\":\"https:\\\/\\\/grupodicel.com\\\/index.php\\\/producto\\\/honor-x7d-liberado\\\/#primaryimage\"},\"image\":{\"@id\":\"https:\\\/\\\/grupodicel.com\\\/index.php\\\/producto\\\/honor-x7d-liberado\\\/#primaryimage\"},\"thumbnailUrl\":\"https:\\\/\\\/grupodicel.com\\\/wp-content\\\/uploads\\\/2025\\\/10\\\/WhatsApp-Image-2025-10-14-at-3.22.08-PM.jpeg\",\"datePublished\":\"2025-10-14T21:27:59+00:00\",\"breadcrumb\":{\"@id\":\"https:\\\/\\\/grupodicel.com\\\/index.php\\\/producto\\\/honor-x7d-liberado\\\/#breadcrumb\"},\"inLanguage\":\"en-US\",\"potentialAction\":[{\"@type\":\"ReadAction\",\"target\":[\"https:\\\/\\\/grupodicel.com\\\/index.php\\\/producto\\\/honor-x7d-liberado\\\/\"]}]},{\"@type\":\"ImageObject\",\"inLanguage\":\"en-US\",\"@id\":\"https:\\\/\\\/grupodicel.com\\\/index.php\\\/producto\\\/honor-x7d-liberado\\\/#primaryimage\",\"url\":\"https:\\\/\\\/grupodicel.com\\\/wp-content\\\/uploads\\\/2025\\\/10\\\/WhatsApp-Image-2025-10-14-at-3.22.08-PM.jpeg\",\"contentUrl\":\"https:\\\/\\\/grupodicel.com\\\/wp-content\\\/uploads\\\/2025\\\/10\\\/WhatsApp-Image-2025-10-14-at-3.22.08-PM.jpeg\",\"width\":894,\"height\":1600},{\"@type\":\"BreadcrumbList\",\"@id\":\"https:\\\/\\\/grupodicel.com\\\/index.php\\\/producto\\\/honor-x7d-liberado\\\/#breadcrumb\",\"itemListElement\":[{\"@type\":\"ListItem\",\"position\":1,\"name\":\"Portada\",\"item\":\"https:\\\/\\\/grupodicel.com\\\/\"},{\"@type\":\"ListItem\",\"position\":2,\"name\":\"Tienda Dicel\",\"item\":\"https:\\\/\\\/grupodicel.com\\\/index.php\\\/tienda\\\/\"},{\"@type\":\"ListItem\",\"position\":3,\"name\":\"HONOR X7d LIBERADO\"}]},{\"@type\":\"WebSite\",\"@id\":\"https:\\\/\\\/grupodicel.com\\\/#website\",\"url\":\"https:\\\/\\\/grupodicel.com\\\/\",\"name\":\"Grupo Dicel\",\"description\":\"\",\"potentialAction\":[{\"@type\":\"SearchAction\",\"target\":{\"@type\":\"EntryPoint\",\"urlTemplate\":\"https:\\\/\\\/grupodicel.com\\\/?s={search_term_string}\"},\"query-input\":{\"@type\":\"PropertyValueSpecification\",\"valueRequired\":true,\"valueName\":\"search_term_string\"}}],\"inLanguage\":\"en-US\"}]}<\/script>\n<!-- \/ Yoast SEO plugin. -->","yoast_head_json":{"title":"HONOR X7d LIBERADO - Grupo Dicel","robots":{"index":"index","follow":"follow","max-snippet":"max-snippet:-1","max-image-preview":"max-image-preview:large","max-video-preview":"max-video-preview:-1"},"canonical":"https:\/\/grupodicel.com\/index.php\/producto\/honor-x7d-liberado\/","og_locale":"en_US","og_type":"article","og_title":"HONOR X7d LIBERADO - Grupo Dicel","og_description":"Sistema operativo: Android 15.  Tecnolog\u00eda de pantalla: TFT LCD.  Tama\u00f1o de pantalla: 6.77 pulgadas.  Resoluci\u00f3n de pantalla: 1610 x 720 p\u00edxeles.  C\u00e1mara principal: 50MP + 2MP.  C\u00e1mara frontal: 5MP.  Memoria interna: 256GB.  Procesador: Qualcomm Snapdragon 6s Gen 3.","og_url":"https:\/\/grupodicel.com\/index.php\/producto\/honor-x7d-liberado\/","og_site_name":"Grupo Dicel","og_image":[{"width":894,"height":1600,"url":"https:\/\/grupodicel.com\/wp-content\/uploads\/2025\/10\/WhatsApp-Image-2025-10-14-at-3.22.08-PM.jpeg","type":"image\/jpeg"}],"twitter_card":"summary_large_image","schema":{"@context":"https:\/\/schema.org","@graph":[{"@type":"WebPage","@id":"https:\/\/grupodicel.com\/index.php\/producto\/honor-x7d-liberado\/","url":"https:\/\/grupodicel.com\/index.php\/producto\/honor-x7d-liberado\/","name":"HONOR X7d LIBERADO - Grupo Dicel","isPartOf":{"@id":"https:\/\/grupodicel.com\/#website"},"primaryImageOfPage":{"@id":"https:\/\/grupodicel.com\/index.php\/producto\/honor-x7d-liberado\/#primaryimage"},"image":{"@id":"https:\/\/grupodicel.com\/index.php\/producto\/honor-x7d-liberado\/#primaryimage"},"thumbnailUrl":"https:\/\/grupodicel.com\/wp-content\/uploads\/2025\/10\/WhatsApp-Image-2025-10-14-at-3.22.08-PM.jpeg","datePublished":"2025-10-14T21:27:59+00:00","breadcrumb":{"@id":"https:\/\/grupodicel.com\/index.php\/producto\/honor-x7d-liberado\/#breadcrumb"},"inLanguage":"en-US","potentialAction":[{"@type":"ReadAction","target":["https:\/\/grupodicel.com\/index.php\/producto\/honor-x7d-liberado\/"]}]},{"@type":"ImageObject","inLanguage":"en-US","@id":"https:\/\/grupodicel.com\/index.php\/producto\/honor-x7d-liberado\/#primaryimage","url":"https:\/\/grupodicel.com\/wp-content\/uploads\/2025\/10\/WhatsApp-Image-2025-10-14-at-3.22.08-PM.jpeg","contentUrl":"https:\/\/grupodicel.com\/wp-content\/uploads\/2025\/10\/WhatsApp-Image-2025-10-14-at-3.22.08-PM.jpeg","width":894,"height":1600},{"@type":"BreadcrumbList","@id":"https:\/\/grupodicel.com\/index.php\/producto\/honor-x7d-liberado\/#breadcrumb","itemListElement":[{"@type":"ListItem","position":1,"name":"Portada","item":"https:\/\/grupodicel.com\/"},{"@type":"ListItem","position":2,"name":"Tienda Dicel","item":"https:\/\/grupodicel.com\/index.php\/tienda\/"},{"@type":"ListItem","position":3,"name":"HONOR X7d LIBERADO"}]},{"@type":"WebSite","@id":"https:\/\/grupodicel.com\/#website","url":"https:\/\/grupodicel.com\/","name":"Grupo Dicel","description":"","potentialAction":[{"@type":"SearchAction","target":{"@type":"EntryPoint","urlTemplate":"https:\/\/grupodicel.com\/?s={search_term_string}"},"query-input":{"@type":"PropertyValueSpecification","valueRequired":true,"valueName":"search_term_string"}}],"inLanguage":"en-US"}]}},"_links":{"self":[{"href":"https:\/\/grupodicel.com\/index.php\/wp-json\/wp\/v2\/product\/3492","targetHints":{"allow":["GET"]}}],"collection":[{"href":"https:\/\/grupodicel.com\/index.php\/wp-json\/wp\/v2\/product"}],"about":[{"href":"https:\/\/grupodicel.com\/index.php\/wp-json\/wp\/v2\/types\/product"}],"replies":[{"embeddable":true,"href":"https:\/\/grupodicel.com\/index.php\/wp-json\/wp\/v2\/comments?post=3492"}],"wp:featuredmedia":[{"embeddable":true,"href":"https:\/\/grupodicel.com\/index.php\/wp-json\/wp\/v2\/media\/3493"}],"wp:attachment":[{"href":"https:\/\/grupodicel.com\/index.php\/wp-json\/wp\/v2\/media?parent=3492"}],"wp:term":[{"taxonomy":"product_brand","embeddable":true,"href":"https:\/\/grupodicel.com\/index.php\/wp-json\/wp\/v2\/product_brand?post=3492"},{"taxonomy":"product_cat","embeddable":true,"href":"https:\/\/grupodicel.com\/index.php\/wp-json\/wp\/v2\/product_cat?post=3492"},{"taxonomy":"product_tag","embeddable":true,"href":"https:\/\/grupodicel.com\/index.php\/wp-json\/wp\/v2\/product_tag?post=3492"}],"curies":[{"name":"wp","href":"https:\/\/api.w.org\/{rel}","templated":true}]}}