{"id":3408,"date":"2025-10-14T18:12:46","date_gmt":"2025-10-14T16:12:46","guid":{"rendered":"https:\/\/grupodicel.com\/?post_type=product&#038;p=3408"},"modified":"2025-11-05T19:50:02","modified_gmt":"2025-11-05T18:50:02","slug":"samsung-a26-5g-256gb-claro","status":"publish","type":"product","link":"https:\/\/grupodicel.com\/index.php\/producto\/samsung-a26-5g-256gb-claro\/","title":{"rendered":"SAMSUNG A26 5G 256GB CLARO"},"content":{"rendered":"","protected":false},"excerpt":{"rendered":"<table class=\"NRefec\" data-animation-nesting=\"\" data-sae=\"\" data-complete=\"true\">\n<tbody data-complete=\"true\">\n<tr class=\"cZCYO\" data-sfc-cp=\"\" data-complete=\"true\">\n<td class=\"cOeeGf\" colspan=\"undefined\" data-sfc-cp=\"\" data-complete=\"true\"><strong class=\"Yjhzub\" data-complete=\"true\">Pantalla<\/strong><\/td>\n<td class=\"cOeeGf\" colspan=\"undefined\" data-sfc-cp=\"\" data-complete=\"true\">Super AMOLED de 6,7 pulgadas con resoluci\u00f3n FHD+ (1080 x 2340) y tasa de refresco de 120 Hz.<\/td>\n<\/tr>\n<tr class=\"cZCYO\" data-sfc-cp=\"\" data-complete=\"true\">\n<td class=\"cOeeGf\" colspan=\"undefined\" data-sfc-cp=\"\" data-complete=\"true\"><strong class=\"Yjhzub\" data-complete=\"true\">Procesador<\/strong><\/td>\n<td class=\"cOeeGf\" colspan=\"undefined\" data-sfc-cp=\"\" data-complete=\"true\">Octa-Core (algunas versiones para Latinoam\u00e9rica usan el Exynos 1280, mientras que otras el Exynos 1380).<\/td>\n<\/tr>\n<tr class=\"cZCYO\" data-sfc-cp=\"\" data-complete=\"true\">\n<td class=\"cOeeGf\" colspan=\"undefined\" data-sfc-cp=\"\" data-complete=\"true\"><strong class=\"Yjhzub\" data-complete=\"true\">Memoria<\/strong><\/td>\n<td class=\"cOeeGf\" colspan=\"undefined\" data-sfc-cp=\"\" data-complete=\"true\">8 GB de RAM, con opciones de 128 GB o 256 GB de almacenamiento interno, expandible hasta 2 TB con microSD.<\/td>\n<\/tr>\n<tr class=\"cZCYO\" data-sfc-cp=\"\" data-complete=\"true\">\n<td class=\"cOeeGf\" colspan=\"undefined\" data-sfc-cp=\"\" data-complete=\"true\"><strong class=\"Yjhzub\" data-complete=\"true\">C\u00e1maras<\/strong><\/td>\n<td class=\"cOeeGf\" colspan=\"undefined\" data-sfc-cp=\"\" data-complete=\"true\"><strong class=\"Yjhzub\" data-complete=\"true\">Principal:<\/strong>\u00a0Triple c\u00e1mara con sensor de 50 MP, ultra gran angular de 8 MP y macro de 2 MP. La c\u00e1mara principal cuenta con estabilizaci\u00f3n \u00f3ptica de imagen (OIS).<br data-serialized-params=\"[]\" data-complete=\"true\" \/><strong class=\"Yjhzub\" data-complete=\"true\">Frontal:<\/strong>\u00a013 MP.<\/td>\n<\/tr>\n<tr class=\"cZCYO\" data-sfc-cp=\"\" data-complete=\"true\">\n<td class=\"cOeeGf\" colspan=\"undefined\" data-sfc-cp=\"\" data-complete=\"true\"><strong class=\"Yjhzub\" data-complete=\"true\">Bater\u00eda<\/strong><\/td>\n<td class=\"cOeeGf\" colspan=\"undefined\" data-sfc-cp=\"\" data-complete=\"true\">5000 mAh, con soporte para carga r\u00e1pida de 25W.<\/td>\n<\/tr>\n<tr class=\"cZCYO\" data-sfc-cp=\"\" data-complete=\"true\">\n<td class=\"cOeeGf\" colspan=\"undefined\" data-sfc-cp=\"\" data-complete=\"true\"><strong class=\"Yjhzub\" data-complete=\"true\">Dise\u00f1o y durabilidad<\/strong><\/td>\n<td class=\"cOeeGf\" colspan=\"undefined\" data-sfc-cp=\"\" data-complete=\"true\">Dise\u00f1o delgado (7,7 mm), peso de 200 g, trasera de cristal brillante y resistencia al agua y al polvo con certificaci\u00f3n IP67.<\/td>\n<\/tr>\n<tr class=\"cZCYO\" data-sfc-cp=\"\" data-complete=\"true\">\n<td class=\"cOeeGf\" colspan=\"undefined\" data-sfc-cp=\"\" data-complete=\"true\"><strong class=\"Yjhzub\" data-complete=\"true\">Sistema operativo<\/strong><\/td>\n<td class=\"cOeeGf\" colspan=\"undefined\" data-sfc-cp=\"\" data-complete=\"true\">Android 15 con capa de personalizaci\u00f3n One UI 7.0. Samsung promete seis actualizaciones de sistema operativo y seis a\u00f1os de parches de seguridad.<\/td>\n<\/tr>\n<tr class=\"cZCYO\" data-sfc-cp=\"\" data-complete=\"true\">\n<td class=\"cOeeGf\" colspan=\"undefined\" data-sfc-cp=\"\" data-complete=\"true\"><strong class=\"Yjhzub\" data-complete=\"true\">Conectividad<\/strong><\/td>\n<td class=\"cOeeGf\" colspan=\"undefined\" data-sfc-cp=\"\" data-complete=\"true\">5G, Wi-Fi 5 de doble banda, Bluetooth v5.3, USB-C, Dual-SIM.<\/p>\n<p>&nbsp;<\/td>\n<\/tr>\n<\/tbody>\n<\/table>\n","protected":false},"featured_media":3665,"comment_status":"open","ping_status":"closed","template":"","meta":[],"product_brand":[],"product_cat":[265,18,17],"product_tag":[],"class_list":{"0":"post-3408","1":"product","2":"type-product","3":"status-publish","4":"has-post-thumbnail","6":"product_cat-claro","7":"product_cat-samsum","8":"product_cat-telefonos","10":"first","11":"instock","12":"taxable","13":"shipping-taxable","14":"purchasable","15":"product-type-simple"},"yoast_head":"<!-- This site is optimized with the Yoast SEO plugin v27.3 - https:\/\/yoast.com\/product\/yoast-seo-wordpress\/ -->\n<title>SAMSUNG A26 5G 256GB CLARO - Grupo Dicel<\/title>\n<meta name=\"robots\" content=\"index, follow, max-snippet:-1, max-image-preview:large, max-video-preview:-1\" \/>\n<link rel=\"canonical\" href=\"https:\/\/grupodicel.com\/index.php\/producto\/samsung-a26-5g-256gb-claro\/\" \/>\n<meta property=\"og:locale\" content=\"en_US\" \/>\n<meta property=\"og:type\" content=\"article\" \/>\n<meta property=\"og:title\" content=\"SAMSUNG A26 5G 256GB CLARO - Grupo Dicel\" \/>\n<meta property=\"og:description\" content=\"Pantalla Super AMOLED de 6,7 pulgadas con resoluci\u00f3n FHD+ (1080 x 2340) y tasa de refresco de 120 Hz.   Procesador Octa-Core (algunas versiones para Latinoam\u00e9rica usan el Exynos 1280, mientras que otras el Exynos 1380).   Memoria 8 GB de RAM, con opciones de 128 GB o 256 GB de almacenamiento interno, expandible hasta 2 TB con microSD.   C\u00e1maras Principal:\u00a0Triple c\u00e1mara con sensor de 50 MP, ultra gran angular de 8 MP y macro de 2 MP. La c\u00e1mara principal cuenta con estabilizaci\u00f3n \u00f3ptica de imagen (OIS).Frontal:\u00a013 MP.   Bater\u00eda 5000 mAh, con soporte para carga r\u00e1pida de 25W.   Dise\u00f1o y durabilidad Dise\u00f1o delgado (7,7 mm), peso de 200 g, trasera de cristal brillante y resistencia al agua y al polvo con certificaci\u00f3n IP67.   Sistema operativo Android 15 con capa de personalizaci\u00f3n One UI 7.0. Samsung promete seis actualizaciones de sistema operativo y seis a\u00f1os de parches de seguridad.   Conectividad 5G, Wi-Fi 5 de doble banda, Bluetooth v5.3, USB-C, Dual-SIM.  &nbsp;\" \/>\n<meta property=\"og:url\" content=\"https:\/\/grupodicel.com\/index.php\/producto\/samsung-a26-5g-256gb-claro\/\" \/>\n<meta property=\"og:site_name\" content=\"Grupo Dicel\" \/>\n<meta property=\"article:modified_time\" content=\"2025-11-05T18:50:02+00:00\" \/>\n<meta property=\"og:image\" content=\"https:\/\/grupodicel.com\/wp-content\/uploads\/2025\/10\/Captura-de-pantalla-2025-11-05-124516.png\" \/>\n\t<meta property=\"og:image:width\" content=\"469\" \/>\n\t<meta property=\"og:image:height\" content=\"468\" \/>\n\t<meta property=\"og:image:type\" content=\"image\/png\" \/>\n<meta name=\"twitter:card\" content=\"summary_large_image\" \/>\n<script type=\"application\/ld+json\" class=\"yoast-schema-graph\">{\"@context\":\"https:\\\/\\\/schema.org\",\"@graph\":[{\"@type\":\"WebPage\",\"@id\":\"https:\\\/\\\/grupodicel.com\\\/index.php\\\/producto\\\/samsung-a26-5g-256gb-claro\\\/\",\"url\":\"https:\\\/\\\/grupodicel.com\\\/index.php\\\/producto\\\/samsung-a26-5g-256gb-claro\\\/\",\"name\":\"SAMSUNG A26 5G 256GB CLARO - Grupo Dicel\",\"isPartOf\":{\"@id\":\"https:\\\/\\\/grupodicel.com\\\/#website\"},\"primaryImageOfPage\":{\"@id\":\"https:\\\/\\\/grupodicel.com\\\/index.php\\\/producto\\\/samsung-a26-5g-256gb-claro\\\/#primaryimage\"},\"image\":{\"@id\":\"https:\\\/\\\/grupodicel.com\\\/index.php\\\/producto\\\/samsung-a26-5g-256gb-claro\\\/#primaryimage\"},\"thumbnailUrl\":\"https:\\\/\\\/grupodicel.com\\\/wp-content\\\/uploads\\\/2025\\\/10\\\/Captura-de-pantalla-2025-11-05-124516.png\",\"datePublished\":\"2025-10-14T16:12:46+00:00\",\"dateModified\":\"2025-11-05T18:50:02+00:00\",\"breadcrumb\":{\"@id\":\"https:\\\/\\\/grupodicel.com\\\/index.php\\\/producto\\\/samsung-a26-5g-256gb-claro\\\/#breadcrumb\"},\"inLanguage\":\"en-US\",\"potentialAction\":[{\"@type\":\"ReadAction\",\"target\":[\"https:\\\/\\\/grupodicel.com\\\/index.php\\\/producto\\\/samsung-a26-5g-256gb-claro\\\/\"]}]},{\"@type\":\"ImageObject\",\"inLanguage\":\"en-US\",\"@id\":\"https:\\\/\\\/grupodicel.com\\\/index.php\\\/producto\\\/samsung-a26-5g-256gb-claro\\\/#primaryimage\",\"url\":\"https:\\\/\\\/grupodicel.com\\\/wp-content\\\/uploads\\\/2025\\\/10\\\/Captura-de-pantalla-2025-11-05-124516.png\",\"contentUrl\":\"https:\\\/\\\/grupodicel.com\\\/wp-content\\\/uploads\\\/2025\\\/10\\\/Captura-de-pantalla-2025-11-05-124516.png\",\"width\":469,\"height\":468},{\"@type\":\"BreadcrumbList\",\"@id\":\"https:\\\/\\\/grupodicel.com\\\/index.php\\\/producto\\\/samsung-a26-5g-256gb-claro\\\/#breadcrumb\",\"itemListElement\":[{\"@type\":\"ListItem\",\"position\":1,\"name\":\"Portada\",\"item\":\"https:\\\/\\\/grupodicel.com\\\/\"},{\"@type\":\"ListItem\",\"position\":2,\"name\":\"Tienda Dicel\",\"item\":\"https:\\\/\\\/grupodicel.com\\\/index.php\\\/tienda\\\/\"},{\"@type\":\"ListItem\",\"position\":3,\"name\":\"SAMSUNG A26 5G 256GB CLARO\"}]},{\"@type\":\"WebSite\",\"@id\":\"https:\\\/\\\/grupodicel.com\\\/#website\",\"url\":\"https:\\\/\\\/grupodicel.com\\\/\",\"name\":\"Grupo Dicel\",\"description\":\"\",\"potentialAction\":[{\"@type\":\"SearchAction\",\"target\":{\"@type\":\"EntryPoint\",\"urlTemplate\":\"https:\\\/\\\/grupodicel.com\\\/?s={search_term_string}\"},\"query-input\":{\"@type\":\"PropertyValueSpecification\",\"valueRequired\":true,\"valueName\":\"search_term_string\"}}],\"inLanguage\":\"en-US\"}]}<\/script>\n<!-- \/ Yoast SEO plugin. -->","yoast_head_json":{"title":"SAMSUNG A26 5G 256GB CLARO - Grupo Dicel","robots":{"index":"index","follow":"follow","max-snippet":"max-snippet:-1","max-image-preview":"max-image-preview:large","max-video-preview":"max-video-preview:-1"},"canonical":"https:\/\/grupodicel.com\/index.php\/producto\/samsung-a26-5g-256gb-claro\/","og_locale":"en_US","og_type":"article","og_title":"SAMSUNG A26 5G 256GB CLARO - Grupo Dicel","og_description":"Pantalla Super AMOLED de 6,7 pulgadas con resoluci\u00f3n FHD+ (1080 x 2340) y tasa de refresco de 120 Hz.   Procesador Octa-Core (algunas versiones para Latinoam\u00e9rica usan el Exynos 1280, mientras que otras el Exynos 1380).   Memoria 8 GB de RAM, con opciones de 128 GB o 256 GB de almacenamiento interno, expandible hasta 2 TB con microSD.   C\u00e1maras Principal:\u00a0Triple c\u00e1mara con sensor de 50 MP, ultra gran angular de 8 MP y macro de 2 MP. La c\u00e1mara principal cuenta con estabilizaci\u00f3n \u00f3ptica de imagen (OIS).Frontal:\u00a013 MP.   Bater\u00eda 5000 mAh, con soporte para carga r\u00e1pida de 25W.   Dise\u00f1o y durabilidad Dise\u00f1o delgado (7,7 mm), peso de 200 g, trasera de cristal brillante y resistencia al agua y al polvo con certificaci\u00f3n IP67.   Sistema operativo Android 15 con capa de personalizaci\u00f3n One UI 7.0. Samsung promete seis actualizaciones de sistema operativo y seis a\u00f1os de parches de seguridad.   Conectividad 5G, Wi-Fi 5 de doble banda, Bluetooth v5.3, USB-C, Dual-SIM.  &nbsp;","og_url":"https:\/\/grupodicel.com\/index.php\/producto\/samsung-a26-5g-256gb-claro\/","og_site_name":"Grupo Dicel","article_modified_time":"2025-11-05T18:50:02+00:00","og_image":[{"width":469,"height":468,"url":"https:\/\/grupodicel.com\/wp-content\/uploads\/2025\/10\/Captura-de-pantalla-2025-11-05-124516.png","type":"image\/png"}],"twitter_card":"summary_large_image","schema":{"@context":"https:\/\/schema.org","@graph":[{"@type":"WebPage","@id":"https:\/\/grupodicel.com\/index.php\/producto\/samsung-a26-5g-256gb-claro\/","url":"https:\/\/grupodicel.com\/index.php\/producto\/samsung-a26-5g-256gb-claro\/","name":"SAMSUNG A26 5G 256GB CLARO - Grupo Dicel","isPartOf":{"@id":"https:\/\/grupodicel.com\/#website"},"primaryImageOfPage":{"@id":"https:\/\/grupodicel.com\/index.php\/producto\/samsung-a26-5g-256gb-claro\/#primaryimage"},"image":{"@id":"https:\/\/grupodicel.com\/index.php\/producto\/samsung-a26-5g-256gb-claro\/#primaryimage"},"thumbnailUrl":"https:\/\/grupodicel.com\/wp-content\/uploads\/2025\/10\/Captura-de-pantalla-2025-11-05-124516.png","datePublished":"2025-10-14T16:12:46+00:00","dateModified":"2025-11-05T18:50:02+00:00","breadcrumb":{"@id":"https:\/\/grupodicel.com\/index.php\/producto\/samsung-a26-5g-256gb-claro\/#breadcrumb"},"inLanguage":"en-US","potentialAction":[{"@type":"ReadAction","target":["https:\/\/grupodicel.com\/index.php\/producto\/samsung-a26-5g-256gb-claro\/"]}]},{"@type":"ImageObject","inLanguage":"en-US","@id":"https:\/\/grupodicel.com\/index.php\/producto\/samsung-a26-5g-256gb-claro\/#primaryimage","url":"https:\/\/grupodicel.com\/wp-content\/uploads\/2025\/10\/Captura-de-pantalla-2025-11-05-124516.png","contentUrl":"https:\/\/grupodicel.com\/wp-content\/uploads\/2025\/10\/Captura-de-pantalla-2025-11-05-124516.png","width":469,"height":468},{"@type":"BreadcrumbList","@id":"https:\/\/grupodicel.com\/index.php\/producto\/samsung-a26-5g-256gb-claro\/#breadcrumb","itemListElement":[{"@type":"ListItem","position":1,"name":"Portada","item":"https:\/\/grupodicel.com\/"},{"@type":"ListItem","position":2,"name":"Tienda Dicel","item":"https:\/\/grupodicel.com\/index.php\/tienda\/"},{"@type":"ListItem","position":3,"name":"SAMSUNG A26 5G 256GB CLARO"}]},{"@type":"WebSite","@id":"https:\/\/grupodicel.com\/#website","url":"https:\/\/grupodicel.com\/","name":"Grupo Dicel","description":"","potentialAction":[{"@type":"SearchAction","target":{"@type":"EntryPoint","urlTemplate":"https:\/\/grupodicel.com\/?s={search_term_string}"},"query-input":{"@type":"PropertyValueSpecification","valueRequired":true,"valueName":"search_term_string"}}],"inLanguage":"en-US"}]}},"_links":{"self":[{"href":"https:\/\/grupodicel.com\/index.php\/wp-json\/wp\/v2\/product\/3408","targetHints":{"allow":["GET"]}}],"collection":[{"href":"https:\/\/grupodicel.com\/index.php\/wp-json\/wp\/v2\/product"}],"about":[{"href":"https:\/\/grupodicel.com\/index.php\/wp-json\/wp\/v2\/types\/product"}],"replies":[{"embeddable":true,"href":"https:\/\/grupodicel.com\/index.php\/wp-json\/wp\/v2\/comments?post=3408"}],"wp:featuredmedia":[{"embeddable":true,"href":"https:\/\/grupodicel.com\/index.php\/wp-json\/wp\/v2\/media\/3665"}],"wp:attachment":[{"href":"https:\/\/grupodicel.com\/index.php\/wp-json\/wp\/v2\/media?parent=3408"}],"wp:term":[{"taxonomy":"product_brand","embeddable":true,"href":"https:\/\/grupodicel.com\/index.php\/wp-json\/wp\/v2\/product_brand?post=3408"},{"taxonomy":"product_cat","embeddable":true,"href":"https:\/\/grupodicel.com\/index.php\/wp-json\/wp\/v2\/product_cat?post=3408"},{"taxonomy":"product_tag","embeddable":true,"href":"https:\/\/grupodicel.com\/index.php\/wp-json\/wp\/v2\/product_tag?post=3408"}],"curies":[{"name":"wp","href":"https:\/\/api.w.org\/{rel}","templated":true}]}}