{"id":3391,"date":"2025-10-14T17:42:20","date_gmt":"2025-10-14T15:42:20","guid":{"rendered":"https:\/\/grupodicel.com\/?post_type=product&#038;p=3391"},"modified":"2025-11-05T19:21:02","modified_gmt":"2025-11-05T18:21:02","slug":"samsung-a16-128gb-claro","status":"publish","type":"product","link":"https:\/\/grupodicel.com\/index.php\/producto\/samsung-a16-128gb-claro\/","title":{"rendered":"SAMSUNG A16 256GB CLARO"},"content":{"rendered":"","protected":false},"excerpt":{"rendered":"<ul class=\"KsbFXc U6u95\" data-processed=\"true\" data-complete=\"true\">\n<li data-hveid=\"CAYQAA\" data-complete=\"true\" data-sae=\"\"><span class=\"T286Pc\" data-sfc-cp=\"\" data-complete=\"true\"><strong class=\"Yjhzub\" data-complete=\"true\"><span dir=\"auto\" style=\"vertical-align: inherit\"><span dir=\"auto\" style=\"vertical-align: inherit\">Almacenamiento y RAM<\/span><\/span><\/strong><span dir=\"auto\" style=\"vertical-align: inherit\"><span dir=\"auto\" style=\"vertical-align: inherit\"> : 256 GB de almacenamiento interno con 8 GB de RAM.<\/span><\/span><\/span><\/li>\n<li data-hveid=\"CAYQAQ\" data-complete=\"true\" data-sae=\"\"><span class=\"T286Pc\" data-sfc-cp=\"\" data-complete=\"true\"><strong class=\"Yjhzub\" data-complete=\"true\"><span dir=\"auto\" style=\"vertical-align: inherit\"><span dir=\"auto\" style=\"vertical-align: inherit\">Pantalla<\/span><\/span><\/strong><span dir=\"auto\" style=\"vertical-align: inherit\"><span dir=\"auto\" style=\"vertical-align: inherit\"> : 6,7 pulgadas Super AMOLED, con resoluci\u00f3n FHD+ (1080 x 2340 p\u00edxeles) y una tasa de refresco de 90 Hz.<\/span><\/span><\/span><\/li>\n<li data-hveid=\"CAYQAg\" data-complete=\"true\" data-sae=\"\"><span class=\"T286Pc\" data-sfc-cp=\"\" data-complete=\"true\"><strong class=\"Yjhzub\" data-complete=\"true\"><span dir=\"auto\" style=\"vertical-align: inherit\"><span dir=\"auto\" style=\"vertical-align: inherit\">C\u00e1maras<\/span><\/span><\/strong><span dir=\"auto\" style=\"vertical-align: inherit\"><span dir=\"auto\" style=\"vertical-align: inherit\"> :<\/span><\/span><\/span>\n<ul class=\"KsbFXc U6u95\" data-complete=\"true\">\n<li data-hveid=\"CAYQAw\" data-complete=\"true\" data-sae=\"\"><span class=\"T286Pc\" data-sfc-cp=\"\" data-complete=\"true\"><strong class=\"Yjhzub\" data-complete=\"true\"><span dir=\"auto\" style=\"vertical-align: inherit\"><span dir=\"auto\" style=\"vertical-align: inherit\">Trasera<\/span><\/span><\/strong><span dir=\"auto\" style=\"vertical-align: inherit\"><span dir=\"auto\" style=\"vertical-align: inherit\"> : Sistema de triple c\u00e1mara con una lente principal de 50 MP (f\/1.8), un ultra gran angular de 5 MP (f\/2.2) y un macro de 2 MP (f\/2.4).<\/span><\/span><\/span><\/li>\n<li data-hveid=\"CAYQBA\" data-complete=\"true\" data-sae=\"\"><span class=\"T286Pc\" data-sfc-cp=\"\" data-complete=\"true\"><strong class=\"Yjhzub\" data-complete=\"true\"><span dir=\"auto\" style=\"vertical-align: inherit\"><span dir=\"auto\" style=\"vertical-align: inherit\">Frontal<\/span><\/span><\/strong><span dir=\"auto\" style=\"vertical-align: inherit\"><span dir=\"auto\" style=\"vertical-align: inherit\"> : 13 MP (f\/2.0).<\/span><\/span><\/span><\/li>\n<\/ul>\n<\/li>\n<li data-hveid=\"CAYQBQ\" data-complete=\"true\" data-sae=\"\"><span class=\"T286Pc\" data-sfc-cp=\"\" data-complete=\"true\"><strong class=\"Yjhzub\" data-complete=\"true\"><span dir=\"auto\" style=\"vertical-align: inherit\"><span dir=\"auto\" style=\"vertical-align: inherit\">Procesador<\/span><\/span><\/strong><span dir=\"auto\" style=\"vertical-align: inherit\"><span dir=\"auto\" style=\"vertical-align: inherit\"> : El modelo 5G puede llevar un chipset Mediatek Dimensity 6300 (6 nm) o un Exynos 1330 (5 nm), dependiendo de la regi\u00f3n. El modelo 4G utiliza un Mediatek Helio G99 (6 nm).<\/span><\/span><\/span><\/li>\n<li data-hveid=\"CAYQBg\" data-complete=\"true\" data-sae=\"\"><span class=\"T286Pc\" data-sfc-cp=\"\" data-complete=\"true\"><strong class=\"Yjhzub\" data-complete=\"true\"><span dir=\"auto\" style=\"vertical-align: inherit\"><span dir=\"auto\" style=\"vertical-align: inherit\">Bater\u00eda<\/span><\/span><\/strong><span dir=\"auto\" style=\"vertical-align: inherit\"><span dir=\"auto\" style=\"vertical-align: inherit\"> : 5000 mAh, con soporte para carga r\u00e1pida de 25 W (el cargador se vende por separado).<\/span><\/span><\/span><\/li>\n<\/ul>\n","protected":false},"featured_media":3662,"comment_status":"open","ping_status":"closed","template":"","meta":[],"product_brand":[],"product_cat":[265,18,17],"product_tag":[],"class_list":{"0":"post-3391","1":"product","2":"type-product","3":"status-publish","4":"has-post-thumbnail","6":"product_cat-claro","7":"product_cat-samsum","8":"product_cat-telefonos","10":"first","11":"instock","12":"taxable","13":"shipping-taxable","14":"purchasable","15":"product-type-simple"},"yoast_head":"<!-- This site is optimized with the Yoast SEO plugin v27.3 - https:\/\/yoast.com\/product\/yoast-seo-wordpress\/ -->\n<title>SAMSUNG A16 256GB CLARO - Grupo Dicel<\/title>\n<meta name=\"robots\" content=\"index, follow, max-snippet:-1, max-image-preview:large, max-video-preview:-1\" \/>\n<link rel=\"canonical\" href=\"https:\/\/grupodicel.com\/index.php\/producto\/samsung-a16-128gb-claro\/\" \/>\n<meta property=\"og:locale\" content=\"en_US\" \/>\n<meta property=\"og:type\" content=\"article\" \/>\n<meta property=\"og:title\" content=\"SAMSUNG A16 256GB CLARO - Grupo Dicel\" \/>\n<meta property=\"og:description\" content=\"Almacenamiento y RAM : 256 GB de almacenamiento interno con 8 GB de RAM.  Pantalla : 6,7 pulgadas Super AMOLED, con resoluci\u00f3n FHD+ (1080 x 2340 p\u00edxeles) y una tasa de refresco de 90 Hz.  C\u00e1maras :   Trasera : Sistema de triple c\u00e1mara con una lente principal de 50 MP (f\/1.8), un ultra gran angular de 5 MP (f\/2.2) y un macro de 2 MP (f\/2.4).  Frontal : 13 MP (f\/2.0).    Procesador : El modelo 5G puede llevar un chipset Mediatek Dimensity 6300 (6 nm) o un Exynos 1330 (5 nm), dependiendo de la regi\u00f3n. El modelo 4G utiliza un Mediatek Helio G99 (6 nm).  Bater\u00eda : 5000 mAh, con soporte para carga r\u00e1pida de 25 W (el cargador se vende por separado).\" \/>\n<meta property=\"og:url\" content=\"https:\/\/grupodicel.com\/index.php\/producto\/samsung-a16-128gb-claro\/\" \/>\n<meta property=\"og:site_name\" content=\"Grupo Dicel\" \/>\n<meta property=\"article:modified_time\" content=\"2025-11-05T18:21:02+00:00\" \/>\n<meta property=\"og:image\" content=\"https:\/\/grupodicel.com\/wp-content\/uploads\/2025\/10\/Captura-de-pantalla-2025-11-05-121713.png\" \/>\n\t<meta property=\"og:image:width\" content=\"421\" \/>\n\t<meta property=\"og:image:height\" content=\"317\" \/>\n\t<meta property=\"og:image:type\" content=\"image\/png\" \/>\n<meta name=\"twitter:card\" content=\"summary_large_image\" \/>\n<script type=\"application\/ld+json\" class=\"yoast-schema-graph\">{\"@context\":\"https:\\\/\\\/schema.org\",\"@graph\":[{\"@type\":\"WebPage\",\"@id\":\"https:\\\/\\\/grupodicel.com\\\/index.php\\\/producto\\\/samsung-a16-128gb-claro\\\/\",\"url\":\"https:\\\/\\\/grupodicel.com\\\/index.php\\\/producto\\\/samsung-a16-128gb-claro\\\/\",\"name\":\"SAMSUNG A16 256GB CLARO - Grupo Dicel\",\"isPartOf\":{\"@id\":\"https:\\\/\\\/grupodicel.com\\\/#website\"},\"primaryImageOfPage\":{\"@id\":\"https:\\\/\\\/grupodicel.com\\\/index.php\\\/producto\\\/samsung-a16-128gb-claro\\\/#primaryimage\"},\"image\":{\"@id\":\"https:\\\/\\\/grupodicel.com\\\/index.php\\\/producto\\\/samsung-a16-128gb-claro\\\/#primaryimage\"},\"thumbnailUrl\":\"https:\\\/\\\/grupodicel.com\\\/wp-content\\\/uploads\\\/2025\\\/10\\\/Captura-de-pantalla-2025-11-05-121713.png\",\"datePublished\":\"2025-10-14T15:42:20+00:00\",\"dateModified\":\"2025-11-05T18:21:02+00:00\",\"breadcrumb\":{\"@id\":\"https:\\\/\\\/grupodicel.com\\\/index.php\\\/producto\\\/samsung-a16-128gb-claro\\\/#breadcrumb\"},\"inLanguage\":\"en-US\",\"potentialAction\":[{\"@type\":\"ReadAction\",\"target\":[\"https:\\\/\\\/grupodicel.com\\\/index.php\\\/producto\\\/samsung-a16-128gb-claro\\\/\"]}]},{\"@type\":\"ImageObject\",\"inLanguage\":\"en-US\",\"@id\":\"https:\\\/\\\/grupodicel.com\\\/index.php\\\/producto\\\/samsung-a16-128gb-claro\\\/#primaryimage\",\"url\":\"https:\\\/\\\/grupodicel.com\\\/wp-content\\\/uploads\\\/2025\\\/10\\\/Captura-de-pantalla-2025-11-05-121713.png\",\"contentUrl\":\"https:\\\/\\\/grupodicel.com\\\/wp-content\\\/uploads\\\/2025\\\/10\\\/Captura-de-pantalla-2025-11-05-121713.png\",\"width\":421,\"height\":317},{\"@type\":\"BreadcrumbList\",\"@id\":\"https:\\\/\\\/grupodicel.com\\\/index.php\\\/producto\\\/samsung-a16-128gb-claro\\\/#breadcrumb\",\"itemListElement\":[{\"@type\":\"ListItem\",\"position\":1,\"name\":\"Portada\",\"item\":\"https:\\\/\\\/grupodicel.com\\\/\"},{\"@type\":\"ListItem\",\"position\":2,\"name\":\"Tienda Dicel\",\"item\":\"https:\\\/\\\/grupodicel.com\\\/index.php\\\/tienda\\\/\"},{\"@type\":\"ListItem\",\"position\":3,\"name\":\"SAMSUNG A16 256GB CLARO\"}]},{\"@type\":\"WebSite\",\"@id\":\"https:\\\/\\\/grupodicel.com\\\/#website\",\"url\":\"https:\\\/\\\/grupodicel.com\\\/\",\"name\":\"Grupo Dicel\",\"description\":\"\",\"potentialAction\":[{\"@type\":\"SearchAction\",\"target\":{\"@type\":\"EntryPoint\",\"urlTemplate\":\"https:\\\/\\\/grupodicel.com\\\/?s={search_term_string}\"},\"query-input\":{\"@type\":\"PropertyValueSpecification\",\"valueRequired\":true,\"valueName\":\"search_term_string\"}}],\"inLanguage\":\"en-US\"}]}<\/script>\n<!-- \/ Yoast SEO plugin. -->","yoast_head_json":{"title":"SAMSUNG A16 256GB CLARO - Grupo Dicel","robots":{"index":"index","follow":"follow","max-snippet":"max-snippet:-1","max-image-preview":"max-image-preview:large","max-video-preview":"max-video-preview:-1"},"canonical":"https:\/\/grupodicel.com\/index.php\/producto\/samsung-a16-128gb-claro\/","og_locale":"en_US","og_type":"article","og_title":"SAMSUNG A16 256GB CLARO - Grupo Dicel","og_description":"Almacenamiento y RAM : 256 GB de almacenamiento interno con 8 GB de RAM.  Pantalla : 6,7 pulgadas Super AMOLED, con resoluci\u00f3n FHD+ (1080 x 2340 p\u00edxeles) y una tasa de refresco de 90 Hz.  C\u00e1maras :   Trasera : Sistema de triple c\u00e1mara con una lente principal de 50 MP (f\/1.8), un ultra gran angular de 5 MP (f\/2.2) y un macro de 2 MP (f\/2.4).  Frontal : 13 MP (f\/2.0).    Procesador : El modelo 5G puede llevar un chipset Mediatek Dimensity 6300 (6 nm) o un Exynos 1330 (5 nm), dependiendo de la regi\u00f3n. El modelo 4G utiliza un Mediatek Helio G99 (6 nm).  Bater\u00eda : 5000 mAh, con soporte para carga r\u00e1pida de 25 W (el cargador se vende por separado).","og_url":"https:\/\/grupodicel.com\/index.php\/producto\/samsung-a16-128gb-claro\/","og_site_name":"Grupo Dicel","article_modified_time":"2025-11-05T18:21:02+00:00","og_image":[{"width":421,"height":317,"url":"https:\/\/grupodicel.com\/wp-content\/uploads\/2025\/10\/Captura-de-pantalla-2025-11-05-121713.png","type":"image\/png"}],"twitter_card":"summary_large_image","schema":{"@context":"https:\/\/schema.org","@graph":[{"@type":"WebPage","@id":"https:\/\/grupodicel.com\/index.php\/producto\/samsung-a16-128gb-claro\/","url":"https:\/\/grupodicel.com\/index.php\/producto\/samsung-a16-128gb-claro\/","name":"SAMSUNG A16 256GB CLARO - Grupo Dicel","isPartOf":{"@id":"https:\/\/grupodicel.com\/#website"},"primaryImageOfPage":{"@id":"https:\/\/grupodicel.com\/index.php\/producto\/samsung-a16-128gb-claro\/#primaryimage"},"image":{"@id":"https:\/\/grupodicel.com\/index.php\/producto\/samsung-a16-128gb-claro\/#primaryimage"},"thumbnailUrl":"https:\/\/grupodicel.com\/wp-content\/uploads\/2025\/10\/Captura-de-pantalla-2025-11-05-121713.png","datePublished":"2025-10-14T15:42:20+00:00","dateModified":"2025-11-05T18:21:02+00:00","breadcrumb":{"@id":"https:\/\/grupodicel.com\/index.php\/producto\/samsung-a16-128gb-claro\/#breadcrumb"},"inLanguage":"en-US","potentialAction":[{"@type":"ReadAction","target":["https:\/\/grupodicel.com\/index.php\/producto\/samsung-a16-128gb-claro\/"]}]},{"@type":"ImageObject","inLanguage":"en-US","@id":"https:\/\/grupodicel.com\/index.php\/producto\/samsung-a16-128gb-claro\/#primaryimage","url":"https:\/\/grupodicel.com\/wp-content\/uploads\/2025\/10\/Captura-de-pantalla-2025-11-05-121713.png","contentUrl":"https:\/\/grupodicel.com\/wp-content\/uploads\/2025\/10\/Captura-de-pantalla-2025-11-05-121713.png","width":421,"height":317},{"@type":"BreadcrumbList","@id":"https:\/\/grupodicel.com\/index.php\/producto\/samsung-a16-128gb-claro\/#breadcrumb","itemListElement":[{"@type":"ListItem","position":1,"name":"Portada","item":"https:\/\/grupodicel.com\/"},{"@type":"ListItem","position":2,"name":"Tienda Dicel","item":"https:\/\/grupodicel.com\/index.php\/tienda\/"},{"@type":"ListItem","position":3,"name":"SAMSUNG A16 256GB CLARO"}]},{"@type":"WebSite","@id":"https:\/\/grupodicel.com\/#website","url":"https:\/\/grupodicel.com\/","name":"Grupo Dicel","description":"","potentialAction":[{"@type":"SearchAction","target":{"@type":"EntryPoint","urlTemplate":"https:\/\/grupodicel.com\/?s={search_term_string}"},"query-input":{"@type":"PropertyValueSpecification","valueRequired":true,"valueName":"search_term_string"}}],"inLanguage":"en-US"}]}},"_links":{"self":[{"href":"https:\/\/grupodicel.com\/index.php\/wp-json\/wp\/v2\/product\/3391","targetHints":{"allow":["GET"]}}],"collection":[{"href":"https:\/\/grupodicel.com\/index.php\/wp-json\/wp\/v2\/product"}],"about":[{"href":"https:\/\/grupodicel.com\/index.php\/wp-json\/wp\/v2\/types\/product"}],"replies":[{"embeddable":true,"href":"https:\/\/grupodicel.com\/index.php\/wp-json\/wp\/v2\/comments?post=3391"}],"wp:featuredmedia":[{"embeddable":true,"href":"https:\/\/grupodicel.com\/index.php\/wp-json\/wp\/v2\/media\/3662"}],"wp:attachment":[{"href":"https:\/\/grupodicel.com\/index.php\/wp-json\/wp\/v2\/media?parent=3391"}],"wp:term":[{"taxonomy":"product_brand","embeddable":true,"href":"https:\/\/grupodicel.com\/index.php\/wp-json\/wp\/v2\/product_brand?post=3391"},{"taxonomy":"product_cat","embeddable":true,"href":"https:\/\/grupodicel.com\/index.php\/wp-json\/wp\/v2\/product_cat?post=3391"},{"taxonomy":"product_tag","embeddable":true,"href":"https:\/\/grupodicel.com\/index.php\/wp-json\/wp\/v2\/product_tag?post=3391"}],"curies":[{"name":"wp","href":"https:\/\/api.w.org\/{rel}","templated":true}]}}