{"id":1110,"date":"2023-10-27T02:02:27","date_gmt":"2023-10-27T00:02:27","guid":{"rendered":"https:\/\/grupodicel.com\/?post_type=product&#038;p=1110"},"modified":"2025-11-04T21:53:26","modified_gmt":"2025-11-04T20:53:26","slug":"audifonos-inalambricos-de-gatito","status":"publish","type":"product","link":"https:\/\/grupodicel.com\/index.php\/producto\/audifonos-inalambricos-de-gatito\/","title":{"rendered":"HONOR X5C CLARO DE 64GB"},"content":{"rendered":"<ul class=\"KsbFXc U6u95\" data-complete=\"true\" data-processed=\"true\">\n<li data-hveid=\"CAgQAA\" data-complete=\"true\" data-sae=\"\"><span class=\"T286Pc\" data-sfc-cp=\"\" data-complete=\"true\"><strong class=\"Yjhzub\" data-complete=\"true\">Pantalla<\/strong>: 6.74 pulgadas.<\/span><\/li>\n<li data-hveid=\"CAgQAQ\" data-complete=\"true\" data-sae=\"\"><span class=\"T286Pc\" data-sfc-cp=\"\" data-complete=\"true\"><strong class=\"Yjhzub\" data-complete=\"true\">Procesador<\/strong>: MediaTek Helio G81.<\/span><\/li>\n<li data-hveid=\"CAgQAg\" data-complete=\"true\" data-sae=\"\"><span class=\"T286Pc\" data-sfc-cp=\"\" data-complete=\"true\"><strong class=\"Yjhzub\" data-complete=\"true\">C\u00e1mara trasera<\/strong>: 50 MP + 13 MP (seg\u00fan Smartprix) o 50 MP (seg\u00fan HONOR LATAM).<\/span><\/li>\n<li data-hveid=\"CAgQAw\" data-complete=\"true\" data-sae=\"\"><span class=\"T286Pc\" data-sfc-cp=\"\" data-complete=\"true\"><strong class=\"Yjhzub\" data-complete=\"true\">C\u00e1mara frontal<\/strong>: 5 MP.<\/span><\/li>\n<li data-hveid=\"CAgQBA\" data-complete=\"true\" data-sae=\"\"><span class=\"T286Pc\" data-sfc-cp=\"\" data-complete=\"true\"><strong class=\"Yjhzub\" data-complete=\"true\">Bater\u00eda<\/strong>: 5260 mAh.<\/span><\/li>\n<li data-hveid=\"CAgQBQ\" data-complete=\"true\" data-sae=\"\"><span class=\"T286Pc\" data-sfc-cp=\"\" data-complete=\"true\"><strong class=\"Yjhzub\" data-complete=\"true\">RAM<\/strong>: 4 GB (expandible a 8 GB con HONOR RAM Turbo).<\/span><\/li>\n<\/ul>\n","protected":false},"excerpt":{"rendered":"<p>Pantalla: 6.74 pulgadas. Procesador: MediaTek Helio G81. C\u00e1mara trasera: 50 MP + 13 MP (seg\u00fan Smartprix) o 50 MP (seg\u00fan HONOR LATAM). C\u00e1mara frontal: 5 MP. Bater\u00eda: 5260 mAh. RAM: 4 GB<a class=\"moretag\" href=\"https:\/\/grupodicel.com\/index.php\/producto\/audifonos-inalambricos-de-gatito\/\">Read More&#8230;<\/a><\/p>\n","protected":false},"featured_media":3641,"comment_status":"open","ping_status":"closed","template":"","meta":[],"product_brand":[],"product_cat":[265,20,17],"product_tag":[67],"class_list":{"0":"post-1110","1":"product","2":"type-product","3":"status-publish","4":"has-post-thumbnail","6":"product_cat-claro","7":"product_cat-honor","8":"product_cat-telefonos","9":"product_tag-audifonos","11":"first","12":"instock","13":"taxable","14":"shipping-taxable","15":"purchasable","16":"product-type-simple"},"yoast_head":"<!-- This site is optimized with the Yoast SEO plugin v27.4 - https:\/\/yoast.com\/product\/yoast-seo-wordpress\/ -->\n<title>HONOR X5C CLARO DE 64GB - Grupo Dicel<\/title>\n<meta name=\"robots\" content=\"index, follow, max-snippet:-1, max-image-preview:large, max-video-preview:-1\" \/>\n<link rel=\"canonical\" href=\"https:\/\/grupodicel.com\/index.php\/producto\/audifonos-inalambricos-de-gatito\/\" \/>\n<meta property=\"og:locale\" content=\"en_US\" \/>\n<meta property=\"og:type\" content=\"article\" \/>\n<meta property=\"og:title\" content=\"HONOR X5C CLARO DE 64GB - Grupo Dicel\" \/>\n<meta property=\"og:description\" content=\"Pantalla: 6.74 pulgadas. Procesador: MediaTek Helio G81. C\u00e1mara trasera: 50 MP + 13 MP (seg\u00fan Smartprix) o 50 MP (seg\u00fan HONOR LATAM). C\u00e1mara frontal: 5 MP. Bater\u00eda: 5260 mAh. RAM: 4 GBRead More...\" \/>\n<meta property=\"og:url\" content=\"https:\/\/grupodicel.com\/index.php\/producto\/audifonos-inalambricos-de-gatito\/\" \/>\n<meta property=\"og:site_name\" content=\"Grupo Dicel\" \/>\n<meta property=\"article:modified_time\" content=\"2025-11-04T20:53:26+00:00\" \/>\n<meta property=\"og:image\" content=\"https:\/\/grupodicel.com\/wp-content\/uploads\/2023\/10\/Captura-de-pantalla-2025-11-04-145015.png\" \/>\n\t<meta property=\"og:image:width\" content=\"315\" \/>\n\t<meta property=\"og:image:height\" content=\"315\" \/>\n\t<meta property=\"og:image:type\" content=\"image\/png\" \/>\n<meta name=\"twitter:card\" content=\"summary_large_image\" \/>\n<script type=\"application\/ld+json\" class=\"yoast-schema-graph\">{\"@context\":\"https:\\\/\\\/schema.org\",\"@graph\":[{\"@type\":\"WebPage\",\"@id\":\"https:\\\/\\\/grupodicel.com\\\/index.php\\\/producto\\\/audifonos-inalambricos-de-gatito\\\/\",\"url\":\"https:\\\/\\\/grupodicel.com\\\/index.php\\\/producto\\\/audifonos-inalambricos-de-gatito\\\/\",\"name\":\"HONOR X5C CLARO DE 64GB - Grupo Dicel\",\"isPartOf\":{\"@id\":\"https:\\\/\\\/grupodicel.com\\\/#website\"},\"primaryImageOfPage\":{\"@id\":\"https:\\\/\\\/grupodicel.com\\\/index.php\\\/producto\\\/audifonos-inalambricos-de-gatito\\\/#primaryimage\"},\"image\":{\"@id\":\"https:\\\/\\\/grupodicel.com\\\/index.php\\\/producto\\\/audifonos-inalambricos-de-gatito\\\/#primaryimage\"},\"thumbnailUrl\":\"https:\\\/\\\/grupodicel.com\\\/wp-content\\\/uploads\\\/2023\\\/10\\\/Captura-de-pantalla-2025-11-04-145015.png\",\"datePublished\":\"2023-10-27T00:02:27+00:00\",\"dateModified\":\"2025-11-04T20:53:26+00:00\",\"breadcrumb\":{\"@id\":\"https:\\\/\\\/grupodicel.com\\\/index.php\\\/producto\\\/audifonos-inalambricos-de-gatito\\\/#breadcrumb\"},\"inLanguage\":\"en-US\",\"potentialAction\":[{\"@type\":\"ReadAction\",\"target\":[\"https:\\\/\\\/grupodicel.com\\\/index.php\\\/producto\\\/audifonos-inalambricos-de-gatito\\\/\"]}]},{\"@type\":\"ImageObject\",\"inLanguage\":\"en-US\",\"@id\":\"https:\\\/\\\/grupodicel.com\\\/index.php\\\/producto\\\/audifonos-inalambricos-de-gatito\\\/#primaryimage\",\"url\":\"https:\\\/\\\/grupodicel.com\\\/wp-content\\\/uploads\\\/2023\\\/10\\\/Captura-de-pantalla-2025-11-04-145015.png\",\"contentUrl\":\"https:\\\/\\\/grupodicel.com\\\/wp-content\\\/uploads\\\/2023\\\/10\\\/Captura-de-pantalla-2025-11-04-145015.png\",\"width\":315,\"height\":315},{\"@type\":\"BreadcrumbList\",\"@id\":\"https:\\\/\\\/grupodicel.com\\\/index.php\\\/producto\\\/audifonos-inalambricos-de-gatito\\\/#breadcrumb\",\"itemListElement\":[{\"@type\":\"ListItem\",\"position\":1,\"name\":\"Portada\",\"item\":\"https:\\\/\\\/grupodicel.com\\\/\"},{\"@type\":\"ListItem\",\"position\":2,\"name\":\"Tienda Dicel\",\"item\":\"https:\\\/\\\/grupodicel.com\\\/index.php\\\/tienda\\\/\"},{\"@type\":\"ListItem\",\"position\":3,\"name\":\"HONOR X5C CLARO DE 64GB\"}]},{\"@type\":\"WebSite\",\"@id\":\"https:\\\/\\\/grupodicel.com\\\/#website\",\"url\":\"https:\\\/\\\/grupodicel.com\\\/\",\"name\":\"Grupo Dicel\",\"description\":\"\",\"potentialAction\":[{\"@type\":\"SearchAction\",\"target\":{\"@type\":\"EntryPoint\",\"urlTemplate\":\"https:\\\/\\\/grupodicel.com\\\/?s={search_term_string}\"},\"query-input\":{\"@type\":\"PropertyValueSpecification\",\"valueRequired\":true,\"valueName\":\"search_term_string\"}}],\"inLanguage\":\"en-US\"}]}<\/script>\n<!-- \/ Yoast SEO plugin. -->","yoast_head_json":{"title":"HONOR X5C CLARO DE 64GB - Grupo Dicel","robots":{"index":"index","follow":"follow","max-snippet":"max-snippet:-1","max-image-preview":"max-image-preview:large","max-video-preview":"max-video-preview:-1"},"canonical":"https:\/\/grupodicel.com\/index.php\/producto\/audifonos-inalambricos-de-gatito\/","og_locale":"en_US","og_type":"article","og_title":"HONOR X5C CLARO DE 64GB - Grupo Dicel","og_description":"Pantalla: 6.74 pulgadas. Procesador: MediaTek Helio G81. C\u00e1mara trasera: 50 MP + 13 MP (seg\u00fan Smartprix) o 50 MP (seg\u00fan HONOR LATAM). C\u00e1mara frontal: 5 MP. Bater\u00eda: 5260 mAh. RAM: 4 GBRead More...","og_url":"https:\/\/grupodicel.com\/index.php\/producto\/audifonos-inalambricos-de-gatito\/","og_site_name":"Grupo Dicel","article_modified_time":"2025-11-04T20:53:26+00:00","og_image":[{"width":315,"height":315,"url":"https:\/\/grupodicel.com\/wp-content\/uploads\/2023\/10\/Captura-de-pantalla-2025-11-04-145015.png","type":"image\/png"}],"twitter_card":"summary_large_image","schema":{"@context":"https:\/\/schema.org","@graph":[{"@type":"WebPage","@id":"https:\/\/grupodicel.com\/index.php\/producto\/audifonos-inalambricos-de-gatito\/","url":"https:\/\/grupodicel.com\/index.php\/producto\/audifonos-inalambricos-de-gatito\/","name":"HONOR X5C CLARO DE 64GB - Grupo Dicel","isPartOf":{"@id":"https:\/\/grupodicel.com\/#website"},"primaryImageOfPage":{"@id":"https:\/\/grupodicel.com\/index.php\/producto\/audifonos-inalambricos-de-gatito\/#primaryimage"},"image":{"@id":"https:\/\/grupodicel.com\/index.php\/producto\/audifonos-inalambricos-de-gatito\/#primaryimage"},"thumbnailUrl":"https:\/\/grupodicel.com\/wp-content\/uploads\/2023\/10\/Captura-de-pantalla-2025-11-04-145015.png","datePublished":"2023-10-27T00:02:27+00:00","dateModified":"2025-11-04T20:53:26+00:00","breadcrumb":{"@id":"https:\/\/grupodicel.com\/index.php\/producto\/audifonos-inalambricos-de-gatito\/#breadcrumb"},"inLanguage":"en-US","potentialAction":[{"@type":"ReadAction","target":["https:\/\/grupodicel.com\/index.php\/producto\/audifonos-inalambricos-de-gatito\/"]}]},{"@type":"ImageObject","inLanguage":"en-US","@id":"https:\/\/grupodicel.com\/index.php\/producto\/audifonos-inalambricos-de-gatito\/#primaryimage","url":"https:\/\/grupodicel.com\/wp-content\/uploads\/2023\/10\/Captura-de-pantalla-2025-11-04-145015.png","contentUrl":"https:\/\/grupodicel.com\/wp-content\/uploads\/2023\/10\/Captura-de-pantalla-2025-11-04-145015.png","width":315,"height":315},{"@type":"BreadcrumbList","@id":"https:\/\/grupodicel.com\/index.php\/producto\/audifonos-inalambricos-de-gatito\/#breadcrumb","itemListElement":[{"@type":"ListItem","position":1,"name":"Portada","item":"https:\/\/grupodicel.com\/"},{"@type":"ListItem","position":2,"name":"Tienda Dicel","item":"https:\/\/grupodicel.com\/index.php\/tienda\/"},{"@type":"ListItem","position":3,"name":"HONOR X5C CLARO DE 64GB"}]},{"@type":"WebSite","@id":"https:\/\/grupodicel.com\/#website","url":"https:\/\/grupodicel.com\/","name":"Grupo Dicel","description":"","potentialAction":[{"@type":"SearchAction","target":{"@type":"EntryPoint","urlTemplate":"https:\/\/grupodicel.com\/?s={search_term_string}"},"query-input":{"@type":"PropertyValueSpecification","valueRequired":true,"valueName":"search_term_string"}}],"inLanguage":"en-US"}]}},"_links":{"self":[{"href":"https:\/\/grupodicel.com\/index.php\/wp-json\/wp\/v2\/product\/1110","targetHints":{"allow":["GET"]}}],"collection":[{"href":"https:\/\/grupodicel.com\/index.php\/wp-json\/wp\/v2\/product"}],"about":[{"href":"https:\/\/grupodicel.com\/index.php\/wp-json\/wp\/v2\/types\/product"}],"replies":[{"embeddable":true,"href":"https:\/\/grupodicel.com\/index.php\/wp-json\/wp\/v2\/comments?post=1110"}],"wp:featuredmedia":[{"embeddable":true,"href":"https:\/\/grupodicel.com\/index.php\/wp-json\/wp\/v2\/media\/3641"}],"wp:attachment":[{"href":"https:\/\/grupodicel.com\/index.php\/wp-json\/wp\/v2\/media?parent=1110"}],"wp:term":[{"taxonomy":"product_brand","embeddable":true,"href":"https:\/\/grupodicel.com\/index.php\/wp-json\/wp\/v2\/product_brand?post=1110"},{"taxonomy":"product_cat","embeddable":true,"href":"https:\/\/grupodicel.com\/index.php\/wp-json\/wp\/v2\/product_cat?post=1110"},{"taxonomy":"product_tag","embeddable":true,"href":"https:\/\/grupodicel.com\/index.php\/wp-json\/wp\/v2\/product_tag?post=1110"}],"curies":[{"name":"wp","href":"https:\/\/api.w.org\/{rel}","templated":true}]}}