{"id":1065,"date":"2023-10-26T23:17:20","date_gmt":"2023-10-26T21:17:20","guid":{"rendered":"https:\/\/grupodicel.com\/?post_type=product&#038;p=1065"},"modified":"2025-11-04T22:03:00","modified_gmt":"2025-11-04T21:03:00","slug":"audifono-s6","status":"publish","type":"product","link":"https:\/\/grupodicel.com\/index.php\/producto\/audifono-s6\/","title":{"rendered":"ZTE A75 DE 128GB CLARO"},"content":{"rendered":"<ul>\n<li data-hveid=\"CAUQAA\" data-complete=\"true\" data-sae=\"\"><span class=\"T286Pc\" data-sfc-cp=\"\" data-complete=\"true\"><strong class=\"Yjhzub\" data-complete=\"true\">Pantalla:<!--Sv6Kpe[]--><\/strong> 6,6 pulgadas con resoluci\u00f3n HD+ (<\/span>\n<div data-xpm-copy-root=\"\"><img decoding=\"async\" role=\"presentation\" src=\"image\/gif;base64,R0lGODlhAQABAIAAAP\/\/\/wAAACH5BAEAAAAALAAAAAABAAEAAAICRAEAOw==\" aria-hidden=\"true\" data-xpm-latex=\"720\\times 1612\" data-csiid=\"l2kKadflNP6TwbkPiMmN6Ag_10\" data-atf=\"1\" data-imglogged=\"true\" data-sae=\"\" data-iml=\"1762290071734\" \/><\/p>\n<div>720\u00d71612720 cross 1612<\/div>\n<p>720\u00d71612<\/p><\/div>\n<p><span class=\"T286Pc\" data-sfc-cp=\"\" data-complete=\"true\"><span class=\"mTEjhd\" data-complete=\"true\"><!--Sv6Kpe[]--><\/span> p\u00edxeles) y tasa de refresco de 120 Hz.<!--Sv6Kpe[]--><\/span><!--Sv6Kpe[]--><\/li>\n<li data-hveid=\"CAUQAg\" data-complete=\"true\" data-sae=\"\"><span class=\"T286Pc\" data-sfc-cp=\"\" data-complete=\"true\"><strong class=\"Yjhzub\" data-complete=\"true\">Procesador:<!--Sv6Kpe[]--><\/strong> Unisoc T760.<!--Sv6Kpe[]--><\/span><!--Sv6Kpe[]--><\/li>\n<li data-hveid=\"CAUQAw\" data-complete=\"true\" data-sae=\"\"><span class=\"T286Pc\" data-sfc-cp=\"\" data-complete=\"true\"><strong class=\"Yjhzub\" data-complete=\"true\">RAM:<!--Sv6Kpe[]--><\/strong> 4 GB, expandible virtualmente.<!--Sv6Kpe[]--><\/span><!--Sv6Kpe[]--><\/li>\n<li data-hveid=\"CAUQBA\" data-complete=\"true\" data-sae=\"\"><span class=\"T286Pc\" data-sfc-cp=\"\" data-complete=\"true\"><strong class=\"Yjhzub\" data-complete=\"true\">Almacenamiento:<!--Sv6Kpe[]--><\/strong> 128 GB UFS 3.1.<!--Sv6Kpe[]--><\/span><!--Sv6Kpe[]--><\/li>\n<li data-hveid=\"CAUQBQ\" data-complete=\"true\" data-sae=\"\"><span class=\"T286Pc\" data-sfc-cp=\"\" data-complete=\"true\"><strong class=\"Yjhzub\" data-complete=\"true\">C\u00e1maras:<!--Sv6Kpe[]--><\/strong><!--Sv6Kpe[]--><\/span>\n<ul class=\"KsbFXc U6u95\" data-complete=\"true\">\n<li data-hveid=\"CAUQBg\" data-complete=\"true\" data-sae=\"\"><span class=\"T286Pc\" data-sfc-cp=\"\" data-complete=\"true\"><strong class=\"Yjhzub\" data-complete=\"true\">Principal:<!--Sv6Kpe[]--><\/strong> Doble, 50 MP (gran angular) con enfoque autom\u00e1tico + 2 MP (profundidad).<!--Sv6Kpe[]--><\/span><!--Sv6Kpe[]--><\/li>\n<li data-hveid=\"CAUQBw\" data-complete=\"true\" data-sae=\"\"><span class=\"T286Pc\" data-sfc-cp=\"\" data-complete=\"true\"><strong class=\"Yjhzub\" data-complete=\"true\">Frontal:<!--Sv6Kpe[]--><\/strong> 8 MP.<!--Sv6Kpe[]--><\/span><!--Sv6Kpe[]--><\/li>\n<p><!--Sv6Kpe[]--><\/ul>\n<p><!--Sv6Kpe[]--><\/li>\n<li data-hveid=\"CAUQCA\" data-complete=\"true\" data-sae=\"\"><span class=\"T286Pc\" data-sfc-cp=\"\" data-complete=\"true\"><strong class=\"Yjhzub\" data-complete=\"true\">Bater\u00eda:<!--Sv6Kpe[]--><\/strong> 5000 mAh con carga r\u00e1pida de 10W. Algunos informes mencionan 18W, pero el blog de Movistar y otras fuentes indican una potencia de carga menor.<\/span><\/li>\n<\/ul>\n","protected":false},"excerpt":{"rendered":"<p>Pantalla: 6,6 pulgadas con resoluci\u00f3n HD+ ( 720\u00d71612720 cross 1612 720\u00d71612 p\u00edxeles) y tasa de refresco de 120 Hz. Procesador: Unisoc T760. RAM: 4 GB, expandible virtualmente. Almacenamiento: 128 GB UFS 3.1.<a class=\"moretag\" href=\"https:\/\/grupodicel.com\/index.php\/producto\/audifono-s6\/\">Read More&#8230;<\/a><\/p>\n","protected":false},"featured_media":3643,"comment_status":"open","ping_status":"closed","template":"","meta":[],"product_brand":[],"product_cat":[265,17,51],"product_tag":[67],"class_list":{"0":"post-1065","1":"product","2":"type-product","3":"status-publish","4":"has-post-thumbnail","6":"product_cat-claro","7":"product_cat-telefonos","8":"product_cat-zte","9":"product_tag-audifonos","11":"first","12":"instock","13":"taxable","14":"shipping-taxable","15":"purchasable","16":"product-type-simple"},"yoast_head":"<!-- This site is optimized with the Yoast SEO plugin v27.4 - https:\/\/yoast.com\/product\/yoast-seo-wordpress\/ -->\n<title>ZTE A75 DE 128GB CLARO - Grupo Dicel<\/title>\n<meta name=\"robots\" content=\"index, follow, max-snippet:-1, max-image-preview:large, max-video-preview:-1\" \/>\n<link rel=\"canonical\" href=\"https:\/\/grupodicel.com\/index.php\/producto\/audifono-s6\/\" \/>\n<meta property=\"og:locale\" content=\"en_US\" \/>\n<meta property=\"og:type\" content=\"article\" \/>\n<meta property=\"og:title\" content=\"ZTE A75 DE 128GB CLARO - Grupo Dicel\" \/>\n<meta property=\"og:description\" content=\"Pantalla: 6,6 pulgadas con resoluci\u00f3n HD+ ( 720\u00d71612720 cross 1612 720\u00d71612 p\u00edxeles) y tasa de refresco de 120 Hz. Procesador: Unisoc T760. RAM: 4 GB, expandible virtualmente. Almacenamiento: 128 GB UFS 3.1.Read More...\" \/>\n<meta property=\"og:url\" content=\"https:\/\/grupodicel.com\/index.php\/producto\/audifono-s6\/\" \/>\n<meta property=\"og:site_name\" content=\"Grupo Dicel\" \/>\n<meta property=\"article:modified_time\" content=\"2025-11-04T21:03:00+00:00\" \/>\n<meta property=\"og:image\" content=\"https:\/\/grupodicel.com\/wp-content\/uploads\/2023\/10\/Captura-de-pantalla-2025-11-04-145732.png\" \/>\n\t<meta property=\"og:image:width\" content=\"187\" \/>\n\t<meta property=\"og:image:height\" content=\"188\" \/>\n\t<meta property=\"og:image:type\" content=\"image\/png\" \/>\n<meta name=\"twitter:card\" content=\"summary_large_image\" \/>\n<script type=\"application\/ld+json\" class=\"yoast-schema-graph\">{\"@context\":\"https:\\\/\\\/schema.org\",\"@graph\":[{\"@type\":\"WebPage\",\"@id\":\"https:\\\/\\\/grupodicel.com\\\/index.php\\\/producto\\\/audifono-s6\\\/\",\"url\":\"https:\\\/\\\/grupodicel.com\\\/index.php\\\/producto\\\/audifono-s6\\\/\",\"name\":\"ZTE A75 DE 128GB CLARO - Grupo Dicel\",\"isPartOf\":{\"@id\":\"https:\\\/\\\/grupodicel.com\\\/#website\"},\"primaryImageOfPage\":{\"@id\":\"https:\\\/\\\/grupodicel.com\\\/index.php\\\/producto\\\/audifono-s6\\\/#primaryimage\"},\"image\":{\"@id\":\"https:\\\/\\\/grupodicel.com\\\/index.php\\\/producto\\\/audifono-s6\\\/#primaryimage\"},\"thumbnailUrl\":\"https:\\\/\\\/grupodicel.com\\\/wp-content\\\/uploads\\\/2023\\\/10\\\/Captura-de-pantalla-2025-11-04-145732.png\",\"datePublished\":\"2023-10-26T21:17:20+00:00\",\"dateModified\":\"2025-11-04T21:03:00+00:00\",\"breadcrumb\":{\"@id\":\"https:\\\/\\\/grupodicel.com\\\/index.php\\\/producto\\\/audifono-s6\\\/#breadcrumb\"},\"inLanguage\":\"en-US\",\"potentialAction\":[{\"@type\":\"ReadAction\",\"target\":[\"https:\\\/\\\/grupodicel.com\\\/index.php\\\/producto\\\/audifono-s6\\\/\"]}]},{\"@type\":\"ImageObject\",\"inLanguage\":\"en-US\",\"@id\":\"https:\\\/\\\/grupodicel.com\\\/index.php\\\/producto\\\/audifono-s6\\\/#primaryimage\",\"url\":\"https:\\\/\\\/grupodicel.com\\\/wp-content\\\/uploads\\\/2023\\\/10\\\/Captura-de-pantalla-2025-11-04-145732.png\",\"contentUrl\":\"https:\\\/\\\/grupodicel.com\\\/wp-content\\\/uploads\\\/2023\\\/10\\\/Captura-de-pantalla-2025-11-04-145732.png\",\"width\":187,\"height\":188},{\"@type\":\"BreadcrumbList\",\"@id\":\"https:\\\/\\\/grupodicel.com\\\/index.php\\\/producto\\\/audifono-s6\\\/#breadcrumb\",\"itemListElement\":[{\"@type\":\"ListItem\",\"position\":1,\"name\":\"Portada\",\"item\":\"https:\\\/\\\/grupodicel.com\\\/\"},{\"@type\":\"ListItem\",\"position\":2,\"name\":\"Tienda Dicel\",\"item\":\"https:\\\/\\\/grupodicel.com\\\/index.php\\\/tienda\\\/\"},{\"@type\":\"ListItem\",\"position\":3,\"name\":\"ZTE A75 DE 128GB CLARO\"}]},{\"@type\":\"WebSite\",\"@id\":\"https:\\\/\\\/grupodicel.com\\\/#website\",\"url\":\"https:\\\/\\\/grupodicel.com\\\/\",\"name\":\"Grupo Dicel\",\"description\":\"\",\"potentialAction\":[{\"@type\":\"SearchAction\",\"target\":{\"@type\":\"EntryPoint\",\"urlTemplate\":\"https:\\\/\\\/grupodicel.com\\\/?s={search_term_string}\"},\"query-input\":{\"@type\":\"PropertyValueSpecification\",\"valueRequired\":true,\"valueName\":\"search_term_string\"}}],\"inLanguage\":\"en-US\"}]}<\/script>\n<!-- \/ Yoast SEO plugin. -->","yoast_head_json":{"title":"ZTE A75 DE 128GB CLARO - Grupo Dicel","robots":{"index":"index","follow":"follow","max-snippet":"max-snippet:-1","max-image-preview":"max-image-preview:large","max-video-preview":"max-video-preview:-1"},"canonical":"https:\/\/grupodicel.com\/index.php\/producto\/audifono-s6\/","og_locale":"en_US","og_type":"article","og_title":"ZTE A75 DE 128GB CLARO - Grupo Dicel","og_description":"Pantalla: 6,6 pulgadas con resoluci\u00f3n HD+ ( 720\u00d71612720 cross 1612 720\u00d71612 p\u00edxeles) y tasa de refresco de 120 Hz. Procesador: Unisoc T760. RAM: 4 GB, expandible virtualmente. Almacenamiento: 128 GB UFS 3.1.Read More...","og_url":"https:\/\/grupodicel.com\/index.php\/producto\/audifono-s6\/","og_site_name":"Grupo Dicel","article_modified_time":"2025-11-04T21:03:00+00:00","og_image":[{"width":187,"height":188,"url":"https:\/\/grupodicel.com\/wp-content\/uploads\/2023\/10\/Captura-de-pantalla-2025-11-04-145732.png","type":"image\/png"}],"twitter_card":"summary_large_image","schema":{"@context":"https:\/\/schema.org","@graph":[{"@type":"WebPage","@id":"https:\/\/grupodicel.com\/index.php\/producto\/audifono-s6\/","url":"https:\/\/grupodicel.com\/index.php\/producto\/audifono-s6\/","name":"ZTE A75 DE 128GB CLARO - Grupo Dicel","isPartOf":{"@id":"https:\/\/grupodicel.com\/#website"},"primaryImageOfPage":{"@id":"https:\/\/grupodicel.com\/index.php\/producto\/audifono-s6\/#primaryimage"},"image":{"@id":"https:\/\/grupodicel.com\/index.php\/producto\/audifono-s6\/#primaryimage"},"thumbnailUrl":"https:\/\/grupodicel.com\/wp-content\/uploads\/2023\/10\/Captura-de-pantalla-2025-11-04-145732.png","datePublished":"2023-10-26T21:17:20+00:00","dateModified":"2025-11-04T21:03:00+00:00","breadcrumb":{"@id":"https:\/\/grupodicel.com\/index.php\/producto\/audifono-s6\/#breadcrumb"},"inLanguage":"en-US","potentialAction":[{"@type":"ReadAction","target":["https:\/\/grupodicel.com\/index.php\/producto\/audifono-s6\/"]}]},{"@type":"ImageObject","inLanguage":"en-US","@id":"https:\/\/grupodicel.com\/index.php\/producto\/audifono-s6\/#primaryimage","url":"https:\/\/grupodicel.com\/wp-content\/uploads\/2023\/10\/Captura-de-pantalla-2025-11-04-145732.png","contentUrl":"https:\/\/grupodicel.com\/wp-content\/uploads\/2023\/10\/Captura-de-pantalla-2025-11-04-145732.png","width":187,"height":188},{"@type":"BreadcrumbList","@id":"https:\/\/grupodicel.com\/index.php\/producto\/audifono-s6\/#breadcrumb","itemListElement":[{"@type":"ListItem","position":1,"name":"Portada","item":"https:\/\/grupodicel.com\/"},{"@type":"ListItem","position":2,"name":"Tienda Dicel","item":"https:\/\/grupodicel.com\/index.php\/tienda\/"},{"@type":"ListItem","position":3,"name":"ZTE A75 DE 128GB CLARO"}]},{"@type":"WebSite","@id":"https:\/\/grupodicel.com\/#website","url":"https:\/\/grupodicel.com\/","name":"Grupo Dicel","description":"","potentialAction":[{"@type":"SearchAction","target":{"@type":"EntryPoint","urlTemplate":"https:\/\/grupodicel.com\/?s={search_term_string}"},"query-input":{"@type":"PropertyValueSpecification","valueRequired":true,"valueName":"search_term_string"}}],"inLanguage":"en-US"}]}},"_links":{"self":[{"href":"https:\/\/grupodicel.com\/index.php\/wp-json\/wp\/v2\/product\/1065","targetHints":{"allow":["GET"]}}],"collection":[{"href":"https:\/\/grupodicel.com\/index.php\/wp-json\/wp\/v2\/product"}],"about":[{"href":"https:\/\/grupodicel.com\/index.php\/wp-json\/wp\/v2\/types\/product"}],"replies":[{"embeddable":true,"href":"https:\/\/grupodicel.com\/index.php\/wp-json\/wp\/v2\/comments?post=1065"}],"wp:featuredmedia":[{"embeddable":true,"href":"https:\/\/grupodicel.com\/index.php\/wp-json\/wp\/v2\/media\/3643"}],"wp:attachment":[{"href":"https:\/\/grupodicel.com\/index.php\/wp-json\/wp\/v2\/media?parent=1065"}],"wp:term":[{"taxonomy":"product_brand","embeddable":true,"href":"https:\/\/grupodicel.com\/index.php\/wp-json\/wp\/v2\/product_brand?post=1065"},{"taxonomy":"product_cat","embeddable":true,"href":"https:\/\/grupodicel.com\/index.php\/wp-json\/wp\/v2\/product_cat?post=1065"},{"taxonomy":"product_tag","embeddable":true,"href":"https:\/\/grupodicel.com\/index.php\/wp-json\/wp\/v2\/product_tag?post=1065"}],"curies":[{"name":"wp","href":"https:\/\/api.w.org\/{rel}","templated":true}]}}